{"id":1017,"date":"2023-02-10T20:03:39","date_gmt":"2023-02-10T20:03:39","guid":{"rendered":"https:\/\/elternberatung-vlotho.de\/?page_id=1017"},"modified":"2023-02-24T18:44:04","modified_gmt":"2023-02-24T18:44:04","slug":"elterntraining-bei-adhs","status":"publish","type":"page","link":"https:\/\/elternberatung-vlotho.de\/?page_id=1017","title":{"rendered":"Elterntraining bei AD(H)S"},"content":{"rendered":"\t\t<div data-elementor-type=\"wp-page\" data-elementor-id=\"1017\" class=\"elementor elementor-1017\" data-elementor-post-type=\"page\">\n\t\t\t\t\t\t<section class=\"elementor-section elementor-top-section elementor-element elementor-element-0f7ae20 elementor-section-boxed elementor-section-height-default elementor-section-height-default\" data-id=\"0f7ae20\" data-element_type=\"section\" data-e-type=\"section\">\n\t\t\t\t\t\t<div class=\"elementor-container elementor-column-gap-default\">\n\t\t\t\t\t<div class=\"elementor-column elementor-col-100 elementor-top-column elementor-element elementor-element-99c578a\" data-id=\"99c578a\" data-element_type=\"column\" data-e-type=\"column\">\n\t\t\t<div class=\"elementor-widget-wrap elementor-element-populated\">\n\t\t\t\t\t\t<div class=\"elementor-element elementor-element-38848cb elementor-widget elementor-widget-spacer\" data-id=\"38848cb\" data-element_type=\"widget\" data-e-type=\"widget\" data-widget_type=\"spacer.default\">\n\t\t\t\t<div class=\"elementor-widget-container\">\n\t\t\t\t\t\t\t<div class=\"elementor-spacer\">\n\t\t\t<div class=\"elementor-spacer-inner\"><\/div>\n\t\t<\/div>\n\t\t\t\t\t\t<\/div>\n\t\t\t\t<\/div>\n\t\t\t\t\t<\/div>\n\t\t<\/div>\n\t\t\t\t\t<\/div>\n\t\t<\/section>\n\t\t\t\t<section class=\"elementor-section elementor-top-section elementor-element elementor-element-bf5c8c1 elementor-section-boxed elementor-section-height-default elementor-section-height-default\" data-id=\"bf5c8c1\" data-element_type=\"section\" data-e-type=\"section\">\n\t\t\t\t\t\t<div class=\"elementor-container elementor-column-gap-default\">\n\t\t\t\t\t<div class=\"elementor-column elementor-col-100 elementor-top-column elementor-element elementor-element-2199bd9\" data-id=\"2199bd9\" data-element_type=\"column\" data-e-type=\"column\">\n\t\t\t<div class=\"elementor-widget-wrap elementor-element-populated\">\n\t\t\t\t\t\t<div class=\"elementor-element elementor-element-240a65e elementor-headline--style-highlight elementor-widget elementor-widget-animated-headline\" data-id=\"240a65e\" data-element_type=\"widget\" data-e-type=\"widget\" data-settings=\"{&quot;marker&quot;:&quot;underline_zigzag&quot;,&quot;highlighted_text&quot;:&quot;Elterntraining bei AD(H)S&quot;,&quot;headline_style&quot;:&quot;highlight&quot;,&quot;loop&quot;:&quot;yes&quot;,&quot;highlight_animation_duration&quot;:1200,&quot;highlight_iteration_delay&quot;:8000}\" data-widget_type=\"animated-headline.default\">\n\t\t\t\t<div class=\"elementor-widget-container\">\n\t\t\t\t\t\t\t<h3 class=\"elementor-headline\">\n\t\t\t\t<span class=\"elementor-headline-dynamic-wrapper elementor-headline-text-wrapper\">\n\t\t\t\t\t<span class=\"elementor-headline-dynamic-text elementor-headline-text-active\">Elterntraining bei AD(H)S<\/span>\n\t\t\t\t<\/span>\n\t\t\t\t<\/h3>\n\t\t\t\t\t\t<\/div>\n\t\t\t\t<\/div>\n\t\t\t\t\t<\/div>\n\t\t<\/div>\n\t\t\t\t\t<\/div>\n\t\t<\/section>\n\t\t\t\t<section class=\"elementor-section elementor-top-section elementor-element elementor-element-c959b8a elementor-section-boxed elementor-section-height-default elementor-section-height-default\" data-id=\"c959b8a\" data-element_type=\"section\" data-e-type=\"section\">\n\t\t\t\t\t\t<div class=\"elementor-container elementor-column-gap-default\">\n\t\t\t\t\t<div class=\"elementor-column elementor-col-100 elementor-top-column elementor-element elementor-element-da7aedd\" data-id=\"da7aedd\" data-element_type=\"column\" data-e-type=\"column\">\n\t\t\t<div class=\"elementor-widget-wrap elementor-element-populated\">\n\t\t\t\t\t\t<div class=\"elementor-element elementor-element-016010a elementor-widget elementor-widget-text-editor\" data-id=\"016010a\" data-element_type=\"widget\" data-e-type=\"widget\" data-widget_type=\"text-editor.default\">\n\t\t\t\t<div class=\"elementor-widget-container\">\n\t\t\t\t\t\t\t\t\t<h3><span style=\"color: #003366;\">Man k\u00f6nnte auch sagen: \u201eElterntraining als Warenkorb\u201c<\/span><\/h3><h3><span style=\"color: #003366;\">Ein wichtiger Baustein in der AD(H)S-Therapie ist die Schulung der Bezugspersonen.<\/span><\/h3><h3><span style=\"color: #003366;\">Warum Training als Warenkorb?<\/span><\/h3><h3><span style=\"color: #003366;\">Ziel ist die Verbesserung der Erziehungskompetenz. Im Training gibt es Informationen, Anleitung und Unterst\u00fctzung rund um das Thema AD(H)S.<\/span><\/h3><h3><span style=\"color: #003366;\">Eltern werden als Partner angesehen, denn sie wissen am Besten, was zu ihrer Familie passt.<\/span><\/h3><h3><span style=\"color: #003366;\">Jede Familie entscheidet selber, welche Tipps und Tricks sie mit nach Hause nehmen und ausprobieren m\u00f6chte.<\/span><\/h3><h3><span style=\"color: #003366;\">Das Training hat ein grobes Ger\u00fcst und wird an jede Familie individuell angepasst.<\/span><\/h3><h3><span style=\"color: #003366;\"><u><strong>Ziele:<\/strong><\/u><\/span><\/h3><ul><li><h3><span style=\"color: #003366;\">realistische Erwartungshaltung bei AD(H)S einsch\u00e4tzen lernen<\/span><\/h3><\/li><li><h3><span style=\"color: #003366;\">emotionale Entlastung und Unterst\u00fctzung der Eltern<\/span><\/h3><\/li><li><h3><span style=\"color: #003366;\">positive Eltern-Kind-Kommunikation<\/span><\/h3><\/li><li><h3><span style=\"color: #003366;\">St\u00e4rken des Kindes entdecken<\/span><\/h3><\/li><li><h3><span style=\"color: #003366;\">Prinzip &#8222;Lob vor Strafe&#8220; verinnerlichen<\/span><\/h3><\/li><li><h3><span style=\"color: #003366;\">M\u00f6glichkeiten, den Alltag mit AD(H)S zu erleichtern<\/span><\/h3><\/li><li><h3><span style=\"color: #003366;\">Zusammenarbeit mit Kindergarten, Schule, Ausbildungsbetrieb<\/span><\/h3><\/li><\/ul><h3>\u00a0<\/h3><h3 dir=\"ltr\"><span style=\"color: #003366;\">Der Kurs besteht insgesamt aus 12 Terminen.<\/span><\/h3><h3 dir=\"ltr\"><span style=\"color: #003366;\">Im Kennenlerntermin werden die Themen und Fragen zum Ablauf besprochen. Dieser Termin ist kostenlos.<\/span><\/h3><h3 dir=\"ltr\"><span style=\"color: #003366;\">Die Bl\u00f6cke sind aber auch einzeln, je nach Interessenlage, buchbar.<\/span><\/h3><h3 dir=\"ltr\"><span style=\"color: #003366;\">Die Themen:<\/span><\/h3><ol dir=\"ltr\"><li><h3><span style=\"color: #003366;\">Was ist AD(H)S?<\/span><\/h3><\/li><li role=\"presentation\"><h3><span style=\"color: #003366;\">AD(H)S und Erziehung &#8211;\u00a0 Muss ich etwas beachten?<\/span><\/h3><\/li><li role=\"presentation\"><h3><span style=\"color: #003366;\">Wo liegt eigentlich das Problem?<\/span><\/h3><\/li><li role=\"presentation\"><h3><span style=\"color: #003366;\">Sich wieder m\u00f6gen &#8211;\u00a0Positives an AD(H)S entdecken<\/span><\/h3><\/li><li role=\"presentation\"><h3><span style=\"color: #003366;\">Besser kommunizieren &#8211; Wie stelle ich es an, dass nicht jedes Wort als Vorwurf oder Beleidigung aufgefasst wird?<\/span><\/h3><\/li><li role=\"presentation\"><h3><span style=\"color: #003366;\">Das kriegen wir geregelt &#8211;\u00a0Welche Regeln gibt es schon in der Familie?\u00a0Welche Regeln sind notwendig?<\/span><\/h3><\/li><li role=\"presentation\"><h3><span style=\"color: #003366;\">Das hast du toll gemacht! &#8211; Wie wichtig ist Lob?<\/span><\/h3><\/li><li role=\"presentation\"><h3><span style=\"color: #003366;\">Umgang mit Problemverhalten &#8211;\u00a0Sind Strafen sinnvoll und wie wirken sie?<\/span><\/h3><\/li><li role=\"presentation\"><h3><span style=\"color: #003366;\">Stress lass nach &#8211;\u00a0Was bedeutet Stress f\u00fcr mich?\u00a0Haben Eltern von AD(H)S-Kindern mehr Stress?<\/span><\/h3><\/li><li role=\"presentation\"><h3><span style=\"color: #003366;\">Allt\u00e4gliche Probleme &#8211; Was sind h\u00e4ufige Probleme und welche m\u00f6glichen L\u00f6sungen gibt es?<\/span><\/h3><\/li><li role=\"presentation\"><h3><span style=\"color: #003366;\">AD(H)S und Hausaufgaben &#8211;\u00a0Wie kann ich meinem Kind helfen? Sollten die LehrerInnen Bescheid wissen?<\/span><\/h3><\/li><\/ol><h3 dir=\"ltr\"><span style=\"color: #003366;\">Zus\u00e4tzlich zum Elterntraining kann eine aufsuchende Beratung<\/span><\/h3><h3 dir=\"ltr\"><span style=\"color: #003366;\">oder ein Training direkt mit dem\u00a0 Kind\/Jugendlichen vereinbart werden,<\/span><\/h3><h3 dir=\"ltr\"><span style=\"color: #003366;\">z.B. zur Schulvorbereitung, bei Konzentrationsproblemen oder zur Begleitung des \u00dcbergangs Schule\/Beruf<\/span><\/h3>\t\t\t\t\t\t\t\t<\/div>\n\t\t\t\t<\/div>\n\t\t\t\t\t<\/div>\n\t\t<\/div>\n\t\t\t\t\t<\/div>\n\t\t<\/section>\n\t\t\t\t<\/div>\n\t\t","protected":false},"excerpt":{"rendered":"<p>Elterntraining bei AD(H)S Man k\u00f6nnte auch sagen: \u201eElterntraining als Warenkorb\u201c Ein wichtiger Baustein in der AD(H)S-Therapie ist die Schulung der Bezugspersonen. Warum Training als Warenkorb? Ziel ist die Verbesserung der Erziehungskompetenz. Im Training gibt es Informationen, Anleitung und Unterst\u00fctzung rund um das Thema AD(H)S. Eltern werden als Partner angesehen, denn sie wissen am Besten, was [&hellip;]<\/p>\n","protected":false},"author":1,"featured_media":0,"parent":0,"menu_order":0,"comment_status":"closed","ping_status":"closed","template":"","meta":{"footnotes":""},"class_list":["post-1017","page","type-page","status-publish","hentry","entry"],"_links":{"self":[{"href":"https:\/\/elternberatung-vlotho.de\/index.php?rest_route=\/wp\/v2\/pages\/1017","targetHints":{"allow":["GET"]}}],"collection":[{"href":"https:\/\/elternberatung-vlotho.de\/index.php?rest_route=\/wp\/v2\/pages"}],"about":[{"href":"https:\/\/elternberatung-vlotho.de\/index.php?rest_route=\/wp\/v2\/types\/page"}],"author":[{"embeddable":true,"href":"https:\/\/elternberatung-vlotho.de\/index.php?rest_route=\/wp\/v2\/users\/1"}],"replies":[{"embeddable":true,"href":"https:\/\/elternberatung-vlotho.de\/index.php?rest_route=%2Fwp%2Fv2%2Fcomments&post=1017"}],"version-history":[{"count":16,"href":"https:\/\/elternberatung-vlotho.de\/index.php?rest_route=\/wp\/v2\/pages\/1017\/revisions"}],"predecessor-version":[{"id":1466,"href":"https:\/\/elternberatung-vlotho.de\/index.php?rest_route=\/wp\/v2\/pages\/1017\/revisions\/1466"}],"wp:attachment":[{"href":"https:\/\/elternberatung-vlotho.de\/index.php?rest_route=%2Fwp%2Fv2%2Fmedia&parent=1017"}],"curies":[{"name":"wp","href":"https:\/\/api.w.org\/{rel}","templated":true}]}}