{"id":104,"date":"2022-12-27T11:35:55","date_gmt":"2022-12-27T11:35:55","guid":{"rendered":"https:\/\/ebv.a-ware.io\/?page_id=104"},"modified":"2025-09-25T18:22:06","modified_gmt":"2025-09-25T18:22:06","slug":"ueber-mich","status":"publish","type":"page","link":"https:\/\/elternberatung-vlotho.de\/?page_id=104","title":{"rendered":"\u00dcber mich"},"content":{"rendered":"\t\t<div data-elementor-type=\"wp-page\" data-elementor-id=\"104\" class=\"elementor elementor-104\" data-elementor-post-type=\"page\">\n\t\t\t\t\t\t<section class=\"elementor-section elementor-top-section elementor-element elementor-element-183497df elementor-section-content-middle elementor-section-boxed elementor-section-height-default elementor-section-height-default\" data-id=\"183497df\" data-element_type=\"section\" data-e-type=\"section\">\n\t\t\t\t\t\t<div class=\"elementor-container elementor-column-gap-no\">\n\t\t\t\t\t<div class=\"elementor-column elementor-col-50 elementor-top-column elementor-element elementor-element-68159524\" data-id=\"68159524\" data-element_type=\"column\" data-e-type=\"column\">\n\t\t\t<div class=\"elementor-widget-wrap elementor-element-populated\">\n\t\t\t\t\t\t<div class=\"elementor-element elementor-element-6d761ff elementor-widget-divider--view-line elementor-widget elementor-widget-divider\" data-id=\"6d761ff\" data-element_type=\"widget\" data-e-type=\"widget\" data-widget_type=\"divider.default\">\n\t\t\t\t<div class=\"elementor-widget-container\">\n\t\t\t\t\t\t\t<div class=\"elementor-divider\">\n\t\t\t<span class=\"elementor-divider-separator\">\n\t\t\t\t\t\t<\/span>\n\t\t<\/div>\n\t\t\t\t\t\t<\/div>\n\t\t\t\t<\/div>\n\t\t\t\t<div class=\"elementor-element elementor-element-1d9a9aee elementor-widget elementor-widget-heading\" data-id=\"1d9a9aee\" data-element_type=\"widget\" data-e-type=\"widget\" data-widget_type=\"heading.default\">\n\t\t\t\t<div class=\"elementor-widget-container\">\n\t\t\t\t\t<h4 class=\"elementor-heading-title elementor-size-default\">\u00dcber mich<\/h4>\t\t\t\t<\/div>\n\t\t\t\t<\/div>\n\t\t\t\t<div class=\"elementor-element elementor-element-fc464c4 elementor-widget elementor-widget-image\" data-id=\"fc464c4\" data-element_type=\"widget\" data-e-type=\"widget\" data-widget_type=\"image.default\">\n\t\t\t\t<div class=\"elementor-widget-container\">\n\t\t\t\t\t\t\t\t\t\t\t\t\t\t\t<img fetchpriority=\"high\" decoding=\"async\" width=\"1193\" height=\"1765\" src=\"https:\/\/elternberatung-vlotho.de\/wp-content\/uploads\/2025\/02\/20250223201512_001-1.jpg\" class=\"attachment-full size-full wp-image-1855\" alt=\"\" srcset=\"https:\/\/elternberatung-vlotho.de\/wp-content\/uploads\/2025\/02\/20250223201512_001-1.jpg 1193w, https:\/\/elternberatung-vlotho.de\/wp-content\/uploads\/2025\/02\/20250223201512_001-1-203x300.jpg 203w, https:\/\/elternberatung-vlotho.de\/wp-content\/uploads\/2025\/02\/20250223201512_001-1-692x1024.jpg 692w, https:\/\/elternberatung-vlotho.de\/wp-content\/uploads\/2025\/02\/20250223201512_001-1-768x1136.jpg 768w, https:\/\/elternberatung-vlotho.de\/wp-content\/uploads\/2025\/02\/20250223201512_001-1-1038x1536.jpg 1038w\" sizes=\"(max-width: 1193px) 100vw, 1193px\" \/>\t\t\t\t\t\t\t\t\t\t\t\t\t\t\t<\/div>\n\t\t\t\t<\/div>\n\t\t\t\t<div class=\"elementor-element elementor-element-7d49835 elementor-widget elementor-widget-image\" data-id=\"7d49835\" data-element_type=\"widget\" data-e-type=\"widget\" data-widget_type=\"image.default\">\n\t\t\t\t<div class=\"elementor-widget-container\">\n\t\t\t\t\t\t\t\t\t\t\t\t\t\t\t<img decoding=\"async\" width=\"769\" height=\"1024\" src=\"https:\/\/elternberatung-vlotho.de\/wp-content\/uploads\/2025\/09\/PXL_20250914_101210289.MP_-769x1024.jpg\" class=\"attachment-large size-large wp-image-1946\" alt=\"\" srcset=\"https:\/\/elternberatung-vlotho.de\/wp-content\/uploads\/2025\/09\/PXL_20250914_101210289.MP_-769x1024.jpg 769w, https:\/\/elternberatung-vlotho.de\/wp-content\/uploads\/2025\/09\/PXL_20250914_101210289.MP_-225x300.jpg 225w, https:\/\/elternberatung-vlotho.de\/wp-content\/uploads\/2025\/09\/PXL_20250914_101210289.MP_-768x1023.jpg 768w, https:\/\/elternberatung-vlotho.de\/wp-content\/uploads\/2025\/09\/PXL_20250914_101210289.MP_-1153x1536.jpg 1153w, https:\/\/elternberatung-vlotho.de\/wp-content\/uploads\/2025\/09\/PXL_20250914_101210289.MP_-1538x2048.jpg 1538w, https:\/\/elternberatung-vlotho.de\/wp-content\/uploads\/2025\/09\/PXL_20250914_101210289.MP_-scaled.jpg 1922w\" sizes=\"(max-width: 769px) 100vw, 769px\" \/>\t\t\t\t\t\t\t\t\t\t\t\t\t\t\t<\/div>\n\t\t\t\t<\/div>\n\t\t\t\t\t<\/div>\n\t\t<\/div>\n\t\t\t\t<div class=\"elementor-column elementor-col-50 elementor-top-column elementor-element elementor-element-8f52aae\" data-id=\"8f52aae\" data-element_type=\"column\" data-e-type=\"column\">\n\t\t\t<div class=\"elementor-widget-wrap elementor-element-populated\">\n\t\t\t\t\t\t<div class=\"elementor-element elementor-element-5003991d elementor-widget elementor-widget-text-editor\" data-id=\"5003991d\" data-element_type=\"widget\" data-e-type=\"widget\" data-widget_type=\"text-editor.default\">\n\t\t\t\t<div class=\"elementor-widget-container\">\n\t\t\t\t\t\t\t\t\t<p>Mein Name ist Birgit Zimmermeister.<\/p>\n<p>Ich bin verheiratet und habe zwei Kinder.<\/p>\n<p>Seit Anfang meiner Ausbildung zur Erzieherin 1988 besch\u00e4ftige ich mit Kindern, die &#8222;aus dem Rahmen&#8220; fallen, weil sie sehr aktiv oder sehr ruhig sind. Es war immer mein Bestreben, diese Kinder in den Gruppen zu integrieren.<\/p>\n<p>Jeder Mensch sollte sich individuell entwickeln d\u00fcrfen und trotzdem nicht zum Au\u00dfenseiter werden. An dieser Herausforderung halte ich bis heute fest. Ich setze mich&nbsp; f\u00fcr die Kinder, Jugendliche und Erwachsene so ein, dass sie eine faire Chance bei ihren Mitmenschen bekommen. Dazu z\u00e4hlen die Bereiche Familie, Kindergarten, Schule, Ausbildung und Berufsleben.<\/p><p><br><\/p>\n<h4>Ausbildung :<\/h4>\n<ul>\n<li>staatlich anerkannte Erzieherin<\/li>\n<li>zertifizierte Elternberaterin bei ADS\/ADHS<\/li>\n<li>Pisa-Lerntrainerin<\/li>\n<li>zertifizierte Psychosoziale Beraterin BSG<\/li>\n<li>Therapiebegleithundeteam<\/li>\n<\/ul><div><br><\/div>\n<h4>Fortbildungen :&nbsp;<\/h4>\n<ul>\n<li>Ein Anfang mit Musik<\/li>\n<li>persistierende, fr\u00fchkindliche Reflexe<\/li>\n<li>Sprachf\u00f6rderung mit B\u00fcchern<\/li>\n<li>ADS aus Sicht der Kinder<\/li>\n<li>Sozialtrainer f\u00fcr Kinder und Erwachsene mit AD(H)S,\n<ul>\n<li>Lernst\u00f6rungen und Verhaltensschwierigkeiten<\/li>\n<\/ul>\n<\/li>\n<li>Elterntrainerin bei AD(H)S<\/li>\n<\/ul><div><br><\/div>\n<h4>bisherige Arbeitsfelder :<\/h4>\n<ul>\n<li>Gruppenleitung im Kindergarten<\/li>\n<li>Elternzeit<\/li>\n<li>Sprachf\u00f6rderkraft im Kindergarten<\/li>\n<li>Leitung von Eltern-Kind-Gruppen<\/li>\n<li>Kinder-, Jugend- und Familienhilfe<\/li>\n<li>Fachzentrum f\u00fcr Autismus<\/li>\n<\/ul>\n<p>Ich arbeite seit 2012 freiberuflich als Elternberaterin mit dem Schwerpunkt AD(H)S und ASS sowie im Bereich Lerncoaching von der Grundschule bis zur Ausbildung.<\/p>\n<p>Ich bin Mitglied im&nbsp;<a href=\"http:\/\/www.minden-luebbecke.de\/media\/custom\/1891_2911_1.PDF?1482317589\" target=\"_blank\" rel=\"noopener\">AD(H)S Kompetenznetzwerk des Kreises Minden-L\u00fcbbecke<\/a>&nbsp;und<\/p>\n<p>Kooperationspartner der&nbsp;<a href=\"https:\/\/kitavillakunterbunt.wordpress.com\/\" target=\"_blank\" rel=\"noopener\">Kindertagesst\u00e4tte Villa Kunterbunt<\/a>&nbsp;in Vlotho.<\/p>\t\t\t\t\t\t\t\t<\/div>\n\t\t\t\t<\/div>\n\t\t\t\t<div class=\"elementor-element elementor-element-0ce1802 elementor-widget elementor-widget-html\" data-id=\"0ce1802\" data-element_type=\"widget\" data-e-type=\"widget\" data-widget_type=\"html.default\">\n\t\t\t\t<div class=\"elementor-widget-container\">\n\t\t\t\t\t<div style=\"font-family:helvetica,sans-serif; font-size:smaller; text-align:center; padding:20px;\"><a rel=\"nofollow\" href=\n\"https:\/\/www.iflw.de\/zertifikat\/suchen.php?formPruefnummer=EB-346-PR-14451&amp;formNachname=Zimmermeister\"><img decoding=\"async\" src=\"https:\/\/www.iflw.de\/images\/IFLW_Pruefsiegel.png\" style=\n\"display: block; margin-left: auto; margin-right: auto;\u201c alt=\" elternberaterin=\"\" bei=\"\" alt=\"\" \/><\/a><br \/>\n<span>Elternberaterin bei ADS\/ADHS<\/span><br \/>\n<a href=\"%20https:\/\/www.iflw.de\">www.iflw.de<\/a>&#160;-&#160;<a rel=\"nofollow\" href=\n\"https:\/\/www.iflw.de\/zertifikat\/suchen.php?formPruefnummer=EB-346-PR-14451&amp;formNachname=Zimmermeister\">Pr\u00fcfnummer EB-346-PR-14451<\/a><\/div>\t\t\t\t<\/div>\n\t\t\t\t<\/div>\n\t\t\t\t\t<\/div>\n\t\t<\/div>\n\t\t\t\t\t<\/div>\n\t\t<\/section>\n\t\t\t\t<section class=\"elementor-section elementor-top-section elementor-element elementor-element-96b7131 elementor-section-boxed elementor-section-height-default elementor-section-height-default\" data-id=\"96b7131\" data-element_type=\"section\" data-e-type=\"section\">\n\t\t\t\t\t\t<div class=\"elementor-container elementor-column-gap-default\">\n\t\t\t\t\t<div class=\"elementor-column elementor-col-100 elementor-top-column elementor-element elementor-element-8389893\" data-id=\"8389893\" data-element_type=\"column\" data-e-type=\"column\">\n\t\t\t<div class=\"elementor-widget-wrap elementor-element-populated\">\n\t\t\t\t\t\t<div class=\"elementor-element elementor-element-a5f6554 elementor-headline--style-highlight elementor-widget elementor-widget-animated-headline\" data-id=\"a5f6554\" data-element_type=\"widget\" data-e-type=\"widget\" data-settings=\"{&quot;marker&quot;:&quot;underline_zigzag&quot;,&quot;highlighted_text&quot;:&quot;Zertifikate&quot;,&quot;headline_style&quot;:&quot;highlight&quot;,&quot;loop&quot;:&quot;yes&quot;,&quot;highlight_animation_duration&quot;:1200,&quot;highlight_iteration_delay&quot;:8000}\" data-widget_type=\"animated-headline.default\">\n\t\t\t\t<div class=\"elementor-widget-container\">\n\t\t\t\t\t\t\t<h3 class=\"elementor-headline\">\n\t\t\t\t<span class=\"elementor-headline-dynamic-wrapper elementor-headline-text-wrapper\">\n\t\t\t\t\t<span class=\"elementor-headline-dynamic-text elementor-headline-text-active\">Zertifikate<\/span>\n\t\t\t\t<\/span>\n\t\t\t\t<\/h3>\n\t\t\t\t\t\t<\/div>\n\t\t\t\t<\/div>\n\t\t\t\t<div class=\"elementor-element elementor-element-10fd0d8 elementor-arrows-position-inside elementor-pagination-position-outside elementor-widget elementor-widget-image-carousel\" data-id=\"10fd0d8\" data-element_type=\"widget\" data-e-type=\"widget\" data-settings=\"{&quot;navigation&quot;:&quot;both&quot;,&quot;autoplay&quot;:&quot;yes&quot;,&quot;pause_on_hover&quot;:&quot;yes&quot;,&quot;pause_on_interaction&quot;:&quot;yes&quot;,&quot;autoplay_speed&quot;:5000,&quot;infinite&quot;:&quot;yes&quot;,&quot;speed&quot;:500}\" data-widget_type=\"image-carousel.default\">\n\t\t\t\t<div class=\"elementor-widget-container\">\n\t\t\t\t\t\t\t<div class=\"elementor-image-carousel-wrapper swiper\" role=\"region\" aria-roledescription=\"carousel\" aria-label=\"Bild Karussell\" dir=\"ltr\">\n\t\t\t<div class=\"elementor-image-carousel swiper-wrapper\" aria-live=\"off\">\n\t\t\t\t\t\t\t\t<div class=\"swiper-slide\" role=\"group\" aria-roledescription=\"slide\" aria-label=\"1 von 5\"><figure class=\"swiper-slide-inner\"><img decoding=\"async\" class=\"swiper-slide-image\" src=\"https:\/\/elternberatung-vlotho.de\/wp-content\/uploads\/2022\/12\/cache_12132965-214x300.png\" alt=\"cache_12132965\" \/><\/figure><\/div><div class=\"swiper-slide\" role=\"group\" aria-roledescription=\"slide\" aria-label=\"2 von 5\"><figure class=\"swiper-slide-inner\"><img decoding=\"async\" class=\"swiper-slide-image\" src=\"https:\/\/elternberatung-vlotho.de\/wp-content\/uploads\/2022\/12\/cache_9110111.jpeg\" alt=\"cache_9110111\" \/><\/figure><\/div><div class=\"swiper-slide\" role=\"group\" aria-roledescription=\"slide\" aria-label=\"3 von 5\"><figure class=\"swiper-slide-inner\"><img decoding=\"async\" class=\"swiper-slide-image\" src=\"https:\/\/elternberatung-vlotho.de\/wp-content\/uploads\/2022\/12\/cache_12039724-236x300.jpg\" alt=\"cache_12039724\" \/><\/figure><\/div><div class=\"swiper-slide\" role=\"group\" aria-roledescription=\"slide\" aria-label=\"4 von 5\"><figure class=\"swiper-slide-inner\"><img decoding=\"async\" class=\"swiper-slide-image\" src=\"https:\/\/elternberatung-vlotho.de\/wp-content\/uploads\/2022\/12\/cache_13040591-203x300.jpg\" alt=\"cache_13040591\" \/><\/figure><\/div><div class=\"swiper-slide\" role=\"group\" aria-roledescription=\"slide\" aria-label=\"5 von 5\"><figure class=\"swiper-slide-inner\"><img decoding=\"async\" class=\"swiper-slide-image\" src=\"https:\/\/elternberatung-vlotho.de\/wp-content\/uploads\/2023\/04\/Screenshot_20230413_214826_Samsung-Notes-213x300.jpg\" alt=\"Screenshot_20230413_214826_Samsung Notes\" \/><\/figure><\/div>\t\t\t<\/div>\n\t\t\t\t\t\t\t\t\t\t\t\t<div class=\"elementor-swiper-button elementor-swiper-button-prev\" role=\"button\" tabindex=\"0\">\n\t\t\t\t\t\t<i aria-hidden=\"true\" class=\"eicon-chevron-left\"><\/i>\t\t\t\t\t<\/div>\n\t\t\t\t\t<div class=\"elementor-swiper-button elementor-swiper-button-next\" role=\"button\" tabindex=\"0\">\n\t\t\t\t\t\t<i aria-hidden=\"true\" class=\"eicon-chevron-right\"><\/i>\t\t\t\t\t<\/div>\n\t\t\t\t\n\t\t\t\t\t\t\t\t\t<div class=\"swiper-pagination\"><\/div>\n\t\t\t\t\t\t\t\t\t<\/div>\n\t\t\t\t\t\t<\/div>\n\t\t\t\t<\/div>\n\t\t\t\t\t<\/div>\n\t\t<\/div>\n\t\t\t\t\t<\/div>\n\t\t<\/section>\n\t\t\t\t<\/div>\n\t\t","protected":false},"excerpt":{"rendered":"<p>\u00dcber mich Mein Name ist Birgit Zimmermeister. Ich bin verheiratet und habe zwei Kinder. Seit Anfang meiner Ausbildung zur Erzieherin 1988 besch\u00e4ftige ich mit Kindern, die &#8222;aus dem Rahmen&#8220; fallen, weil sie sehr aktiv oder sehr ruhig sind. Es war immer mein Bestreben, diese Kinder in den Gruppen zu integrieren. Jeder Mensch sollte sich individuell [&hellip;]<\/p>\n","protected":false},"author":1,"featured_media":0,"parent":0,"menu_order":0,"comment_status":"closed","ping_status":"closed","template":"","meta":{"footnotes":""},"class_list":["post-104","page","type-page","status-publish","hentry","entry"],"_links":{"self":[{"href":"https:\/\/elternberatung-vlotho.de\/index.php?rest_route=\/wp\/v2\/pages\/104","targetHints":{"allow":["GET"]}}],"collection":[{"href":"https:\/\/elternberatung-vlotho.de\/index.php?rest_route=\/wp\/v2\/pages"}],"about":[{"href":"https:\/\/elternberatung-vlotho.de\/index.php?rest_route=\/wp\/v2\/types\/page"}],"author":[{"embeddable":true,"href":"https:\/\/elternberatung-vlotho.de\/index.php?rest_route=\/wp\/v2\/users\/1"}],"replies":[{"embeddable":true,"href":"https:\/\/elternberatung-vlotho.de\/index.php?rest_route=%2Fwp%2Fv2%2Fcomments&post=104"}],"version-history":[{"count":67,"href":"https:\/\/elternberatung-vlotho.de\/index.php?rest_route=\/wp\/v2\/pages\/104\/revisions"}],"predecessor-version":[{"id":1949,"href":"https:\/\/elternberatung-vlotho.de\/index.php?rest_route=\/wp\/v2\/pages\/104\/revisions\/1949"}],"wp:attachment":[{"href":"https:\/\/elternberatung-vlotho.de\/index.php?rest_route=%2Fwp%2Fv2%2Fmedia&parent=104"}],"curies":[{"name":"wp","href":"https:\/\/api.w.org\/{rel}","templated":true}]}}