{"id":1404,"date":"2023-02-13T10:36:00","date_gmt":"2023-02-13T10:36:00","guid":{"rendered":"https:\/\/elternberatung-vlotho.de\/?page_id=1404"},"modified":"2023-02-24T18:55:13","modified_gmt":"2023-02-24T18:55:13","slug":"entwicklungsueberpruefung","status":"publish","type":"page","link":"https:\/\/elternberatung-vlotho.de\/?page_id=1404","title":{"rendered":"Entwicklungs\u00fcberpr\u00fcfung"},"content":{"rendered":"\t\t<div data-elementor-type=\"wp-page\" data-elementor-id=\"1404\" class=\"elementor elementor-1404\" data-elementor-post-type=\"page\">\n\t\t\t\t\t\t<section class=\"elementor-section elementor-top-section elementor-element elementor-element-0cb5807 elementor-section-boxed elementor-section-height-default elementor-section-height-default\" data-id=\"0cb5807\" data-element_type=\"section\" data-e-type=\"section\">\n\t\t\t\t\t\t<div class=\"elementor-container elementor-column-gap-default\">\n\t\t\t\t\t<div class=\"elementor-column elementor-col-100 elementor-top-column elementor-element elementor-element-7afdbed\" data-id=\"7afdbed\" data-element_type=\"column\" data-e-type=\"column\">\n\t\t\t<div class=\"elementor-widget-wrap elementor-element-populated\">\n\t\t\t\t\t\t<div class=\"elementor-element elementor-element-e972fbb elementor-widget elementor-widget-spacer\" data-id=\"e972fbb\" data-element_type=\"widget\" data-e-type=\"widget\" data-widget_type=\"spacer.default\">\n\t\t\t\t<div class=\"elementor-widget-container\">\n\t\t\t\t\t\t\t<div class=\"elementor-spacer\">\n\t\t\t<div class=\"elementor-spacer-inner\"><\/div>\n\t\t<\/div>\n\t\t\t\t\t\t<\/div>\n\t\t\t\t<\/div>\n\t\t\t\t\t<\/div>\n\t\t<\/div>\n\t\t\t\t\t<\/div>\n\t\t<\/section>\n\t\t\t\t<section class=\"elementor-section elementor-top-section elementor-element elementor-element-988ab90 elementor-section-boxed elementor-section-height-default elementor-section-height-default\" data-id=\"988ab90\" data-element_type=\"section\" data-e-type=\"section\">\n\t\t\t\t\t\t<div class=\"elementor-container elementor-column-gap-default\">\n\t\t\t\t\t<div class=\"elementor-column elementor-col-100 elementor-top-column elementor-element elementor-element-c798613\" data-id=\"c798613\" data-element_type=\"column\" data-e-type=\"column\">\n\t\t\t<div class=\"elementor-widget-wrap elementor-element-populated\">\n\t\t\t\t\t\t<div class=\"elementor-element elementor-element-ddfa8c0 elementor-headline--style-highlight elementor-widget elementor-widget-animated-headline\" data-id=\"ddfa8c0\" data-element_type=\"widget\" data-e-type=\"widget\" data-settings=\"{&quot;highlighted_text&quot;:&quot;Entwicklungs\\u00fcberpr\\u00fcfung&quot;,&quot;marker&quot;:&quot;underline_zigzag&quot;,&quot;headline_style&quot;:&quot;highlight&quot;,&quot;loop&quot;:&quot;yes&quot;,&quot;highlight_animation_duration&quot;:1200,&quot;highlight_iteration_delay&quot;:8000}\" data-widget_type=\"animated-headline.default\">\n\t\t\t\t<div class=\"elementor-widget-container\">\n\t\t\t\t\t\t\t<h3 class=\"elementor-headline\">\n\t\t\t\t<span class=\"elementor-headline-dynamic-wrapper elementor-headline-text-wrapper\">\n\t\t\t\t\t<span class=\"elementor-headline-dynamic-text elementor-headline-text-active\">Entwicklungs\u00fcberpr\u00fcfung<\/span>\n\t\t\t\t<\/span>\n\t\t\t\t<\/h3>\n\t\t\t\t\t\t<\/div>\n\t\t\t\t<\/div>\n\t\t\t\t\t<\/div>\n\t\t<\/div>\n\t\t\t\t\t<\/div>\n\t\t<\/section>\n\t\t\t\t<section class=\"elementor-section elementor-top-section elementor-element elementor-element-4d8dd96 elementor-section-boxed elementor-section-height-default elementor-section-height-default\" data-id=\"4d8dd96\" data-element_type=\"section\" data-e-type=\"section\">\n\t\t\t\t\t\t<div class=\"elementor-container elementor-column-gap-default\">\n\t\t\t\t\t<div class=\"elementor-column elementor-col-100 elementor-top-column elementor-element elementor-element-857a81e\" data-id=\"857a81e\" data-element_type=\"column\" data-e-type=\"column\">\n\t\t\t<div class=\"elementor-widget-wrap elementor-element-populated\">\n\t\t\t\t\t\t<div class=\"elementor-element elementor-element-41013dc elementor-widget elementor-widget-text-editor\" data-id=\"41013dc\" data-element_type=\"widget\" data-e-type=\"widget\" data-widget_type=\"text-editor.default\">\n\t\t\t\t<div class=\"elementor-widget-container\">\n\t\t\t\t\t\t\t\t\t<h3><span style=\"color: #003366;\">f\u00fcr Kinder im Alter zwischen 5 und 7,5 Jahren<\/span><\/h3><h3><br \/><span style=\"color: #003366;\">Aufmerksamkeitsst\u00f6rungen rechtzeitig erkennen\u00a0und gezielt begegnen<\/span><\/h3><h3><br \/><span style=\"color: #003366;\">Wo ist die Grenze zwischen altersgerechtem und auff\u00e4lligem Verhalten zu ziehen ?<\/span><\/h3><h3><br \/><span style=\"color: #003366;\">Entwicklungsverz\u00f6gerungen oder Auff\u00e4lligkeiten in der Wahrnehmungsverarbeitung, die f\u00fcr das Erlernen von Lesen, Schreiben, Rechnen und Sozialverhalten\u00a0eine gro\u00dfe Rolle spielen, sind oft bereits im Kindergarten erkennbar.<\/span><\/h3><h3><br \/><span style=\"color: #003366;\">Durch ein fr\u00fchzeitiges Erkennen von Symptomen kann ein Teufelskreis von Schulversagen, Schulangst und ein systematisches Abwerten des Selbstwertgef\u00fchls verhindert werden.<\/span><\/h3><h3><br \/><span style=\"color: #003366;\">Die Entwicklungs\u00fcberpr\u00fcfung wurde von Karin Arthen und Birgit Ruf (Erzieherinnen und Heilp\u00e4dagogen) erarbeitet und besteht aus drei Modulen :<\/span><\/h3><h3><br \/><span style=\"color: #003366;\">Praxismodul zur Erfassung des Entwicklungsstandes eines Kindes<\/span><br \/><span style=\"color: #003366;\">(Motorik, Wahrnehmung, Kognitive Grundfertigkeiten)<\/span><br \/><span style=\"color: #003366;\">Darin sind Sprach-, Konzentrations- und Geschicklichkeitsspiele enthalten.<\/span><\/h3><h3><br \/><span style=\"color: #003366;\">Elternmodul mit einem Einsch\u00e4tzungsbogen f\u00fcr Eltern zur Ressourcenerfassung und zum bisherigen Entwicklungsverlauf in der Familie.<\/span><\/h3><h3><br \/><span style=\"color: #003366;\">P\u00e4dagogenmodul mit einem Einsch\u00e4tzungsbogen f\u00fcr P\u00e4dagogen zur Ressourcenerfassung und zum bisherigen Entwicklungsverlauf in der Kindergartengruppe oder Klasse.<\/span><\/h3><h3><br \/><span style=\"color: #003366;\">Nach der Auswertung der Module folgt ein Elterngespr\u00e4ch.<\/span><\/h3><h3><span style=\"color: #003366;\">Mit dieser \u00dcberpr\u00fcfung k\u00f6nnen St\u00e4rken und Schw\u00e4chen des Kindes festgestellt und Risiken erkannt werden.<\/span><br \/><span style=\"color: #003366;\">So kann eine Zusammenarbeit mit Fachleuten zur F\u00f6rderung des Kindes und eine<\/span><br \/><span style=\"color: #003366;\">Beratung der Eltern angestrebt werden.<\/span><\/h3><h3><br \/><span style=\"color: #ff0000;\"><strong>Die Entwicklungs\u00fcberpr\u00fcfung ist keine Diagnostik und ersetzt diese auch nicht !<\/strong><\/span><\/h3>\t\t\t\t\t\t\t\t<\/div>\n\t\t\t\t<\/div>\n\t\t\t\t\t<\/div>\n\t\t<\/div>\n\t\t\t\t\t<\/div>\n\t\t<\/section>\n\t\t\t\t<\/div>\n\t\t","protected":false},"excerpt":{"rendered":"<p>Entwicklungs\u00fcberpr\u00fcfung f\u00fcr Kinder im Alter zwischen 5 und 7,5 Jahren Aufmerksamkeitsst\u00f6rungen rechtzeitig erkennen\u00a0und gezielt begegnen Wo ist die Grenze zwischen altersgerechtem und auff\u00e4lligem Verhalten zu ziehen ? Entwicklungsverz\u00f6gerungen oder Auff\u00e4lligkeiten in der Wahrnehmungsverarbeitung, die f\u00fcr das Erlernen von Lesen, Schreiben, Rechnen und Sozialverhalten\u00a0eine gro\u00dfe Rolle spielen, sind oft bereits im Kindergarten erkennbar. Durch ein fr\u00fchzeitiges [&hellip;]<\/p>\n","protected":false},"author":1,"featured_media":0,"parent":0,"menu_order":0,"comment_status":"closed","ping_status":"closed","template":"","meta":{"footnotes":""},"class_list":["post-1404","page","type-page","status-publish","hentry","entry"],"_links":{"self":[{"href":"https:\/\/elternberatung-vlotho.de\/index.php?rest_route=\/wp\/v2\/pages\/1404","targetHints":{"allow":["GET"]}}],"collection":[{"href":"https:\/\/elternberatung-vlotho.de\/index.php?rest_route=\/wp\/v2\/pages"}],"about":[{"href":"https:\/\/elternberatung-vlotho.de\/index.php?rest_route=\/wp\/v2\/types\/page"}],"author":[{"embeddable":true,"href":"https:\/\/elternberatung-vlotho.de\/index.php?rest_route=\/wp\/v2\/users\/1"}],"replies":[{"embeddable":true,"href":"https:\/\/elternberatung-vlotho.de\/index.php?rest_route=%2Fwp%2Fv2%2Fcomments&post=1404"}],"version-history":[{"count":9,"href":"https:\/\/elternberatung-vlotho.de\/index.php?rest_route=\/wp\/v2\/pages\/1404\/revisions"}],"predecessor-version":[{"id":1496,"href":"https:\/\/elternberatung-vlotho.de\/index.php?rest_route=\/wp\/v2\/pages\/1404\/revisions\/1496"}],"wp:attachment":[{"href":"https:\/\/elternberatung-vlotho.de\/index.php?rest_route=%2Fwp%2Fv2%2Fmedia&parent=1404"}],"curies":[{"name":"wp","href":"https:\/\/api.w.org\/{rel}","templated":true}]}}