{"id":490,"date":"2023-02-07T16:42:57","date_gmt":"2023-02-07T16:42:57","guid":{"rendered":"https:\/\/elternberatung-vlotho.de\/?page_id=490"},"modified":"2025-02-24T19:13:07","modified_gmt":"2025-02-24T19:13:07","slug":"lerncoaching","status":"publish","type":"page","link":"https:\/\/elternberatung-vlotho.de\/?page_id=490","title":{"rendered":"Lerncoaching"},"content":{"rendered":"\t\t<div data-elementor-type=\"wp-page\" data-elementor-id=\"490\" class=\"elementor elementor-490\" data-elementor-post-type=\"page\">\n\t\t\t\t\t\t<section class=\"elementor-section elementor-top-section elementor-element elementor-element-715d592 elementor-section-boxed elementor-section-height-default elementor-section-height-default\" data-id=\"715d592\" data-element_type=\"section\" data-e-type=\"section\">\n\t\t\t\t\t\t<div class=\"elementor-container elementor-column-gap-default\">\n\t\t\t\t\t<div class=\"elementor-column elementor-col-100 elementor-top-column elementor-element elementor-element-466ee73\" data-id=\"466ee73\" data-element_type=\"column\" data-e-type=\"column\">\n\t\t\t<div class=\"elementor-widget-wrap elementor-element-populated\">\n\t\t\t\t\t\t<div class=\"elementor-element elementor-element-f67c43c elementor-widget elementor-widget-spacer\" data-id=\"f67c43c\" data-element_type=\"widget\" data-e-type=\"widget\" data-widget_type=\"spacer.default\">\n\t\t\t\t<div class=\"elementor-widget-container\">\n\t\t\t\t\t\t\t<div class=\"elementor-spacer\">\n\t\t\t<div class=\"elementor-spacer-inner\"><\/div>\n\t\t<\/div>\n\t\t\t\t\t\t<\/div>\n\t\t\t\t<\/div>\n\t\t\t\t\t<\/div>\n\t\t<\/div>\n\t\t\t\t\t<\/div>\n\t\t<\/section>\n\t\t\t\t<section class=\"elementor-section elementor-top-section elementor-element elementor-element-604ec81 elementor-section-boxed elementor-section-height-default elementor-section-height-default\" data-id=\"604ec81\" data-element_type=\"section\" data-e-type=\"section\">\n\t\t\t\t\t\t<div class=\"elementor-container elementor-column-gap-default\">\n\t\t\t\t\t<div class=\"elementor-column elementor-col-100 elementor-top-column elementor-element elementor-element-f5c92bc\" data-id=\"f5c92bc\" data-element_type=\"column\" data-e-type=\"column\">\n\t\t\t<div class=\"elementor-widget-wrap elementor-element-populated\">\n\t\t\t\t\t\t<div class=\"elementor-element elementor-element-540b07c elementor-headline--style-highlight elementor-widget elementor-widget-animated-headline\" data-id=\"540b07c\" data-element_type=\"widget\" data-e-type=\"widget\" data-settings=\"{&quot;highlighted_text&quot;:&quot;Lerncoaching&quot;,&quot;marker&quot;:&quot;underline_zigzag&quot;,&quot;headline_style&quot;:&quot;highlight&quot;,&quot;loop&quot;:&quot;yes&quot;,&quot;highlight_animation_duration&quot;:1200,&quot;highlight_iteration_delay&quot;:8000}\" data-widget_type=\"animated-headline.default\">\n\t\t\t\t<div class=\"elementor-widget-container\">\n\t\t\t\t\t\t\t<h3 class=\"elementor-headline\">\n\t\t\t\t<span class=\"elementor-headline-dynamic-wrapper elementor-headline-text-wrapper\">\n\t\t\t\t\t<span class=\"elementor-headline-dynamic-text elementor-headline-text-active\">Lerncoaching<\/span>\n\t\t\t\t<\/span>\n\t\t\t\t<\/h3>\n\t\t\t\t\t\t<\/div>\n\t\t\t\t<\/div>\n\t\t\t\t\t<\/div>\n\t\t<\/div>\n\t\t\t\t\t<\/div>\n\t\t<\/section>\n\t\t\t\t<section class=\"elementor-section elementor-top-section elementor-element elementor-element-f8fad04 elementor-section-boxed elementor-section-height-default elementor-section-height-default\" data-id=\"f8fad04\" data-element_type=\"section\" data-e-type=\"section\">\n\t\t\t\t\t\t<div class=\"elementor-container elementor-column-gap-default\">\n\t\t\t\t\t<div class=\"elementor-column elementor-col-100 elementor-top-column elementor-element elementor-element-bda02ad\" data-id=\"bda02ad\" data-element_type=\"column\" data-e-type=\"column\">\n\t\t\t<div class=\"elementor-widget-wrap elementor-element-populated\">\n\t\t\t\t\t\t<div class=\"elementor-element elementor-element-435e1d6 elementor-widget elementor-widget-text-editor\" data-id=\"435e1d6\" data-element_type=\"widget\" data-e-type=\"widget\" data-widget_type=\"text-editor.default\">\n\t\t\t\t<div class=\"elementor-widget-container\">\n\t\t\t\t\t\t\t\t\t<h2><span style=\"color: #003366;\"><strong>bei Lernproblemen, AD(H)S und ASS<\/strong>&nbsp;<strong>von der Grundschule \u00fcber die Ausbildung bis ins Berufsleben<\/strong><\/span><\/h2>\n<h3><span style=\"color: #003366;\">Vielen Kindern, Jugendlichen und Erwachsenen f\u00e4llt es schwer, den heutigen Anforderungen in der Schule, Ausbildung und Beruf gerecht zu werden. Alles ist schnelllebiger und der Druck ist hoch.<\/span><\/h3>\n<h3><span style=\"color: #003366;\">Die Eltern-Kind-Beziehung ist durch die Hausaufgabensituation und das gemeinsame Lernen oder nachzuarbeitenden Schulstoff oft sehr belastet.<\/span><\/h3>\n<h3><span style=\"color: #003366;\">Viele Kinder, Jugendliche und Erwachsene wollen unbedingt 100% geben und immer alles richtig machen. Andere haben \u00fcberhaupt keine Motivation mehr, irgendwelche Dinge anzugehen, da sie wenig Erfolgserlebnisse haben, da andere es sowieso besser k\u00f6nnen, Lernen eh keinen Sinn hat,&#8230;.<\/span><\/h3>\n<h3><span style=\"color: #003366;\">Lerncoaching bringt die Motivation zum und den Spa\u00df am Lernen wieder.<\/span><\/h3>\n<h3><span style=\"color: #003366;\">Lerncoaching hilft Wege zu finden, sich selber wieder besser zu organisieren.<\/span><\/h3>\n<h3><span style=\"color: #003366;\">Im Lerncoaching wird mit den St\u00e4rken der Kinder, Jugendlichen und Erwachsenen gearbeitet.<\/span><\/h3>\n<h3><span style=\"color: #003366;\">Lerncoaching ist keine Nachhilfe.<\/span><\/h3>\n<h3><span style=\"color: #003366;\">Lerncoaching ist eine Hilfe bei Lernproblemen.<\/span><\/h3>\n<h3><span style=\"color: #003366;\">Was ist der Unterschied zwischen Nachhilfe und&nbsp;Lerncoaching?<\/span><\/h3>\n<h3><span style=\"color: #003366;\">Im Coaching geht es nicht darum, was man lernt,&nbsp;sondern wie man lernt.<\/span><\/h3>\n<h3><span style=\"color: #003366;\">Es ist lernstoffunabh\u00e4ngig. Das Lernen soll optimiert&nbsp;und Lernhemmnisse beseitigt werden.<\/span><\/h3>\n<h3><span style=\"color: #003366;\">Da jeder Mensch eine andere Wahrnehmung und Sichtweise hat, ist jedes&nbsp;Coaching individuell.<\/span><\/h3>\n<h3><span style=\"color: #003366;\"><u>Schwerpunkt bei Kindern ab der ersten Klasse:<\/u><\/span><\/h3>\n<h3><span style=\"color: #003366;\">&#8211; Hausaufgabensituation verbessern<\/span><\/h3>\n<h3><span style=\"color: #003366;\">&#8211; Zeitmanagement<\/span><\/h3>\n<h3><span style=\"color: #003366;\">&#8211; Wie lerne ich Vokabeln?<\/span><\/h3>\n<h3><span style=\"color: #003366;\">&#8211; Wie bereite ich Referate vor?<\/span><\/h3>\n<h3><span style=\"color: #003366;\">&#8211; effektive Vorbereitung auf Klassenarbeiten<\/span><\/h3>\n<h3><span style=\"color: #003366;\">&#8211; Konzentration<\/span><\/h3>\n<h3><span style=\"color: #003366;\">&#8211; Motivation<\/span><\/h3>\n<h3><span style=\"color: #003366;\">&#8211; Hilfe bei LRS und Legasthenie<\/span><\/h3>\n<h3><span style=\"color: #003366;\">&#8211; Hilfe bei Dyskalkulie<\/span><\/h3>\n<h3><span style=\"color: #003366;\"><u>Schwerpunkt bei Jugendlichen in Schule und Ausbildung:<\/u><\/span><\/h3>\n<h3><span style=\"color: #003366;\">&#8211; Arbeitsverhalten und Sozialverhalten<\/span><\/h3>\n<h3><span style=\"color: #003366;\">&#8211; Zeitmanagement<\/span><\/h3>\n<h3><span style=\"color: #003366;\">&#8211; Ausdauer<\/span><\/h3>\n<h3><span style=\"color: #003366;\">&#8211; Selbstkontrolle<\/span><\/h3>\n<h3><span style=\"color: #003366;\">&#8211; Umgang mit Stress, Aggressionen, Lob und Kritik<\/span><\/h3>\n<h3><span style=\"color: #003366;\">&#8211; Hilfe bei LRS und Legasthenie<\/span><\/h3>\n<h3><span style=\"color: #003366;\">&#8211; Hilfe bei Dyskalkulie<\/span><\/h3>\n<h3><span style=\"color: #003366;\"><u>Schwerpunkt Erwachsene:<\/u><\/span><\/h3>\n<h3><span style=\"color: #003366;\">&#8211; Selbstmanagement<\/span><\/h3>\n<h3><span style=\"color: #003366;\">&#8211; Kommunikation: Es ist nicht m\u00f6glich, nicht zu&nbsp;kommunizieren<\/span><\/h3>\n<h3><span style=\"color: #003366;\">&#8211; \u00e4u\u00dfere Ordnung<\/span><\/h3>\n<h3><span style=\"color: #003366;\">&#8211; Zeitmanagement<\/span><\/h3>\n<h3><span style=\"color: #003366;\">&#8211; Stressbew\u00e4ltigung<\/span><\/h3>\n<h3><span style=\"color: #003366;\"><u>Besonderheiten bei AD(H)S:<\/u><\/span><\/h3>\n<h3><span style=\"color: #003366;\">&#8211; Alltagsstrukturierung und Bew\u00e4ltigung<\/span><\/h3>\n<h3><span style=\"color: #003366;\">&#8211; Probleme erkennen und eingrenzen<\/span><\/h3>\n<h3><span style=\"color: #003366;\">&#8211; L\u00f6sungsstrategien f\u00fcr Probleme entwickeln<\/span><\/h3>\n<h3><span style=\"color: #003366;\">&#8211; angemessene und realistische Ziele setzen<\/span><\/h3>\n<h3><span style=\"color: #003366;\">&#8211; Motivation<\/span><\/h3>\n<h3><span style=\"color: #003366;\">&#8211; Ablenkbarkeit<\/span><\/h3>\n<h3><span style=\"color: #003366;\">&#8211; Konzentration<\/span><\/h3>\n<h3><span style=\"color: #003366;\">Ganz wichtig ist, dass die Kinder, Jugendlichen und&nbsp;Erwachsenen etwas&nbsp;verbessern m\u00f6chten.<\/span><\/h3>\n<h3><span style=\"color: #003366;\">Zuerst werden die W\u00fcnsche und Erwartungen an das&nbsp;Coaching besprochen.<\/span><\/h3>\n<h3><span style=\"color: #003366;\">So kann ich Ver\u00e4nderungsprozesse ansto\u00dfen. Ich arbeite&nbsp;mit den F\u00e4higkeiten und St\u00e4rken der jeweiligen&nbsp;Personen und nicht mit den Defiziten.<\/span><\/h3>\n<h3><span style=\"color: #003366;\">Das Coaching soll Spa\u00df machen und kein Zwang sein!<\/span><\/h3>\n<h3><span style=\"color: #003366;\"><strong>Lerncoaching ist KEIN Ersatz f\u00fcr Ergotherapie oder Psychotherapie.<\/strong><\/span><\/h3>\t\t\t\t\t\t\t\t<\/div>\n\t\t\t\t<\/div>\n\t\t\t\t<div class=\"elementor-element elementor-element-7473f60 elementor-widget elementor-widget-text-editor\" data-id=\"7473f60\" data-element_type=\"widget\" data-e-type=\"widget\" data-widget_type=\"text-editor.default\">\n\t\t\t\t<div class=\"elementor-widget-container\">\n\t\t\t\t\t\t\t\t\t<h4><span style=\"color: #003366;\">Ich unterst\u00fctze Kinder\u00a0 mit Lese- und Rechschreibschwierigkeiten durch einem individuellem Trainingsplan mit dem SCHLAUDINO F\u00f6rderprogramm.<\/span><\/h4><h4><span style=\"color: #003366;\">In kleinen Schritten und mit Spa\u00df werden Misserfolge durch Erfolge ersetzt.<\/span><\/h4><h4><span style=\"color: #003366;\">Motivation und Freude am Lernen\u00a0 stehen dabei im Vordergrund.<\/span><\/h4>\t\t\t\t\t\t\t\t<\/div>\n\t\t\t\t<\/div>\n\t\t\t\t\t<\/div>\n\t\t<\/div>\n\t\t\t\t\t<\/div>\n\t\t<\/section>\n\t\t\t\t<section class=\"elementor-section elementor-top-section elementor-element elementor-element-bbfb19d elementor-section-boxed elementor-section-height-default elementor-section-height-default\" data-id=\"bbfb19d\" data-element_type=\"section\" data-e-type=\"section\">\n\t\t\t\t\t\t<div class=\"elementor-container elementor-column-gap-default\">\n\t\t\t\t\t<div class=\"elementor-column elementor-col-100 elementor-top-column elementor-element elementor-element-756e4d3\" data-id=\"756e4d3\" data-element_type=\"column\" data-e-type=\"column\">\n\t\t\t<div class=\"elementor-widget-wrap elementor-element-populated\">\n\t\t\t\t\t\t<div class=\"elementor-element elementor-element-702ea78 elementor-align-center elementor-widget elementor-widget-button\" data-id=\"702ea78\" data-element_type=\"widget\" data-e-type=\"widget\" data-widget_type=\"button.default\">\n\t\t\t\t<div class=\"elementor-widget-container\">\n\t\t\t\t\t\t\t\t\t<div class=\"elementor-button-wrapper\">\n\t\t\t\t\t<a class=\"elementor-button elementor-button-link elementor-size-xl\" href=\"https:\/\/elternberatung-vlotho.de\/?page_id=1074(\u00f6ffnet%20in%20neuem%20Tab)\">\n\t\t\t\t\t\t<span class=\"elementor-button-content-wrapper\">\n\t\t\t\t\t\t<span class=\"elementor-button-icon\">\n\t\t\t\t<i aria-hidden=\"true\" class=\"far fa-hand-point-right\"><\/i>\t\t\t<\/span>\n\t\t\t\t\t\t\t\t\t<span class=\"elementor-button-text\">Schlaudino<\/span>\n\t\t\t\t\t<\/span>\n\t\t\t\t\t<\/a>\n\t\t\t\t<\/div>\n\t\t\t\t\t\t\t\t<\/div>\n\t\t\t\t<\/div>\n\t\t\t\t\t<\/div>\n\t\t<\/div>\n\t\t\t\t\t<\/div>\n\t\t<\/section>\n\t\t\t\t<\/div>\n\t\t","protected":false},"excerpt":{"rendered":"<p>Lerncoaching bei Lernproblemen, AD(H)S und ASS&nbsp;von der Grundschule \u00fcber die Ausbildung bis ins Berufsleben Vielen Kindern, Jugendlichen und Erwachsenen f\u00e4llt es schwer, den heutigen Anforderungen in der Schule, Ausbildung und Beruf gerecht zu werden. Alles ist schnelllebiger und der Druck ist hoch. Die Eltern-Kind-Beziehung ist durch die Hausaufgabensituation und das gemeinsame Lernen oder nachzuarbeitenden Schulstoff [&hellip;]<\/p>\n","protected":false},"author":1,"featured_media":0,"parent":0,"menu_order":0,"comment_status":"closed","ping_status":"closed","template":"","meta":{"footnotes":""},"class_list":["post-490","page","type-page","status-publish","hentry","entry"],"_links":{"self":[{"href":"https:\/\/elternberatung-vlotho.de\/index.php?rest_route=\/wp\/v2\/pages\/490","targetHints":{"allow":["GET"]}}],"collection":[{"href":"https:\/\/elternberatung-vlotho.de\/index.php?rest_route=\/wp\/v2\/pages"}],"about":[{"href":"https:\/\/elternberatung-vlotho.de\/index.php?rest_route=\/wp\/v2\/types\/page"}],"author":[{"embeddable":true,"href":"https:\/\/elternberatung-vlotho.de\/index.php?rest_route=\/wp\/v2\/users\/1"}],"replies":[{"embeddable":true,"href":"https:\/\/elternberatung-vlotho.de\/index.php?rest_route=%2Fwp%2Fv2%2Fcomments&post=490"}],"version-history":[{"count":37,"href":"https:\/\/elternberatung-vlotho.de\/index.php?rest_route=\/wp\/v2\/pages\/490\/revisions"}],"predecessor-version":[{"id":1870,"href":"https:\/\/elternberatung-vlotho.de\/index.php?rest_route=\/wp\/v2\/pages\/490\/revisions\/1870"}],"wp:attachment":[{"href":"https:\/\/elternberatung-vlotho.de\/index.php?rest_route=%2Fwp%2Fv2%2Fmedia&parent=490"}],"curies":[{"name":"wp","href":"https:\/\/api.w.org\/{rel}","templated":true}]}}