{"id":502,"date":"2023-02-07T16:45:39","date_gmt":"2023-02-07T16:45:39","guid":{"rendered":"https:\/\/elternberatung-vlotho.de\/?page_id=502"},"modified":"2025-02-24T19:07:30","modified_gmt":"2025-02-24T19:07:30","slug":"individuelle-einzelberatung","status":"publish","type":"page","link":"https:\/\/elternberatung-vlotho.de\/?page_id=502","title":{"rendered":"Individuelle Einzelberatung"},"content":{"rendered":"\t\t<div data-elementor-type=\"wp-page\" data-elementor-id=\"502\" class=\"elementor elementor-502\" data-elementor-post-type=\"page\">\n\t\t\t\t\t\t<section class=\"elementor-section elementor-top-section elementor-element elementor-element-744825b elementor-section-boxed elementor-section-height-default elementor-section-height-default\" data-id=\"744825b\" data-element_type=\"section\" data-e-type=\"section\">\n\t\t\t\t\t\t<div class=\"elementor-container elementor-column-gap-default\">\n\t\t\t\t\t<div class=\"elementor-column elementor-col-100 elementor-top-column elementor-element elementor-element-3baa17c\" data-id=\"3baa17c\" data-element_type=\"column\" data-e-type=\"column\">\n\t\t\t<div class=\"elementor-widget-wrap elementor-element-populated\">\n\t\t\t\t\t\t\t<\/div>\n\t\t<\/div>\n\t\t\t\t\t<\/div>\n\t\t<\/section>\n\t\t\t\t<section class=\"elementor-section elementor-top-section elementor-element elementor-element-82e9642 elementor-section-boxed elementor-section-height-default elementor-section-height-default\" data-id=\"82e9642\" data-element_type=\"section\" data-e-type=\"section\">\n\t\t\t\t\t\t<div class=\"elementor-container elementor-column-gap-default\">\n\t\t\t\t\t<div class=\"elementor-column elementor-col-100 elementor-top-column elementor-element elementor-element-9512d5e\" data-id=\"9512d5e\" data-element_type=\"column\" data-e-type=\"column\">\n\t\t\t<div class=\"elementor-widget-wrap elementor-element-populated\">\n\t\t\t\t\t\t<div class=\"elementor-element elementor-element-5fdb23f elementor-widget elementor-widget-spacer\" data-id=\"5fdb23f\" data-element_type=\"widget\" data-e-type=\"widget\" data-widget_type=\"spacer.default\">\n\t\t\t\t<div class=\"elementor-widget-container\">\n\t\t\t\t\t\t\t<div class=\"elementor-spacer\">\n\t\t\t<div class=\"elementor-spacer-inner\"><\/div>\n\t\t<\/div>\n\t\t\t\t\t\t<\/div>\n\t\t\t\t<\/div>\n\t\t\t\t\t<\/div>\n\t\t<\/div>\n\t\t\t\t\t<\/div>\n\t\t<\/section>\n\t\t\t\t<section class=\"elementor-section elementor-top-section elementor-element elementor-element-810a446 elementor-section-boxed elementor-section-height-default elementor-section-height-default\" data-id=\"810a446\" data-element_type=\"section\" data-e-type=\"section\">\n\t\t\t\t\t\t<div class=\"elementor-container elementor-column-gap-default\">\n\t\t\t\t\t<div class=\"elementor-column elementor-col-100 elementor-top-column elementor-element elementor-element-d4b784e\" data-id=\"d4b784e\" data-element_type=\"column\" data-e-type=\"column\">\n\t\t\t<div class=\"elementor-widget-wrap elementor-element-populated\">\n\t\t\t\t\t\t<div class=\"elementor-element elementor-element-9b1519c elementor-headline--style-highlight elementor-widget elementor-widget-animated-headline\" data-id=\"9b1519c\" data-element_type=\"widget\" data-e-type=\"widget\" data-settings=\"{&quot;highlighted_text&quot;:&quot;Einzelberatung&quot;,&quot;marker&quot;:&quot;underline_zigzag&quot;,&quot;headline_style&quot;:&quot;highlight&quot;,&quot;loop&quot;:&quot;yes&quot;,&quot;highlight_animation_duration&quot;:1200,&quot;highlight_iteration_delay&quot;:8000}\" data-widget_type=\"animated-headline.default\">\n\t\t\t\t<div class=\"elementor-widget-container\">\n\t\t\t\t\t\t\t<h3 class=\"elementor-headline\">\n\t\t\t\t\t<span class=\"elementor-headline-plain-text elementor-headline-text-wrapper\">Individuelle <\/span>\n\t\t\t\t<span class=\"elementor-headline-dynamic-wrapper elementor-headline-text-wrapper\">\n\t\t\t\t\t<span class=\"elementor-headline-dynamic-text elementor-headline-text-active\">Einzelberatung<\/span>\n\t\t\t\t<\/span>\n\t\t\t\t<\/h3>\n\t\t\t\t\t\t<\/div>\n\t\t\t\t<\/div>\n\t\t\t\t\t<\/div>\n\t\t<\/div>\n\t\t\t\t\t<\/div>\n\t\t<\/section>\n\t\t\t\t<section class=\"elementor-section elementor-top-section elementor-element elementor-element-767bc97 elementor-section-boxed elementor-section-height-default elementor-section-height-default\" data-id=\"767bc97\" data-element_type=\"section\" data-e-type=\"section\">\n\t\t\t\t\t\t<div class=\"elementor-container elementor-column-gap-default\">\n\t\t\t\t\t<div class=\"elementor-column elementor-col-100 elementor-top-column elementor-element elementor-element-e4ae72f\" data-id=\"e4ae72f\" data-element_type=\"column\" data-e-type=\"column\">\n\t\t\t<div class=\"elementor-widget-wrap elementor-element-populated\">\n\t\t\t\t\t\t<div class=\"elementor-element elementor-element-25c5d0f elementor-widget elementor-widget-text-editor\" data-id=\"25c5d0f\" data-element_type=\"widget\" data-e-type=\"widget\" data-widget_type=\"text-editor.default\">\n\t\t\t\t<div class=\"elementor-widget-container\">\n\t\t\t\t\t\t\t\t\t<h3><span style=\"color: #003366;\">Das Angebot richtet sich an alle,<\/span><\/h3>\n<h3><span style=\"color: #003366;\">(Eltern, Erzieher(innen), Lehrer(innen), Interessierte,<\/span><\/h3>\n<h3><span style=\"color: #003366;\">Jugendliche, Erwachsene\u2026.)<\/span><\/h3>\n<h3><span style=\"color: #003366;\">&#8211; die einem besonderen Kind eine faire Chance geben&nbsp;m\u00f6chten<\/span><\/h3>\n<h3><span style=\"color: #003366;\">&#8211; die ihre Erziehungskompetenz st\u00e4rken m\u00f6chten<\/span><\/h3>\n<h3><span style=\"color: #003366;\">&#8211; die sich eine Entlastung in der Erziehung w\u00fcnschen<\/span><\/h3>\n<h3><span style=\"color: #003366;\">&#8211; die sich \u00fcber AD(H)S\/ASS informieren&nbsp;m\u00f6chten<\/span><\/h3>\n<h3><span style=\"color: #003366;\">&#8211; die mit einem AD(H)S-\/ASS-Betroffenen leben<\/span><\/h3>\n<h3><span style=\"color: #003366;\">&#8211; die selber von AD(H)S\/ASS betroffen&nbsp;sind<\/span><\/h3>\n<h3><span style=\"color: #003366;\">&#8211; die ihre Kinder in schwierigen Situationen&nbsp;unterst\u00fctzen&nbsp;und f\u00f6rdern m\u00f6chten<\/span><\/h3>\n<h3><span style=\"color: #003366;\">&#8211; die mit sich und ihrer Umwelt unzufrieden sind und&nbsp;etwas&nbsp;\u00e4ndern m\u00f6chten<\/span><\/h3>\n<h3><span style=\"color: #003366;\">Eltern haben immer ein ganz bestimmtes Anliegen, um eine Beratung in Anspruch zu nehmen, z.B. wenn es immer wieder Schwierigkeiten mit ihrem Kind in der Familie, bei Freunden, in der Krabbelgruppe, im Kindergarten, in der Schule usw. gibt.<\/span><\/h3>\n<h3><span style=\"color: #003366;\">Auch Jugendliche und Erwachsene haben manchmal Beratungsbedarf, weil sie sich unverstanden f\u00fchlen.<\/span><\/h3>\n<h3><span style=\"color: #003366;\">Die Ratsuchenden geben ein Thema vor. Dies ist nicht die Aufgabe des Beraters, deshalb gibt es auch keinen einheitlichen Beratungsleitfaden.<\/span><\/h3>\n<h3><span style=\"color: #003366;\">Vor einer Beratung findet immer erst ein Termin zum Kennenlernen der Familie statt. Es geht dabei um ein kurzes Schildern des Problems und den Ablauf der Beratung.<\/span><\/h3>\n<h3><span style=\"color: #003366;\">Es ist mir wichtig zu sehen, ob ich die richtige Ansprechpartnerin bin oder ob eine andere Institution angesteuert werden sollte.<\/span><\/h3>\n<h3><span style=\"color: #003366;\">Die Eltern, Jugendlichen, Erwachsenen,\u2026 sollen entscheiden, ob die \u201eChemie\u201c zwischen ihnen und mir stimmt und es zu einer Beratung kommen kann.<\/span><\/h3>\n<h3><span style=\"color: #003366;\">Diesen Termin biete ich deshalb auch kostenfrei an.<\/span><\/h3>\n<h3><span style=\"color: #003366;\">In der eigentlichen Beratung geht darum, in einem individuellen, pers\u00f6nlichen Gespr\u00e4ch die Beobachtungen und die Probleme zu thematisieren und gemeinsam nach L\u00f6sungsstrategien zu suchen, die f\u00fcr den Umgang mit dem Problemverhalten hilfreich sein k\u00f6nnen.<\/span><\/h3>\n<h3><span style=\"color: #003366;\">Ich arbeite mit den St\u00e4rken der Eltern\/Betroffenen,&#8230;. und kann bei Bedarf Fachleute bzw. Institutionen nennen, die f\u00fcr eine Diagnose wichtig sind.<\/span><\/h3>\n<h3><span style=\"color: #003366;\">Elternberatung ist keine Therapie, sondern eine Hilfe zur Selbsthilfe.<\/span><\/h3>\n<h3><span style=\"color: #003366;\">Ich betreue die Familien so lange wie n\u00f6tig und so kurz wie m\u00f6glich.<\/span><\/h3>\n<h3><span style=\"color: #003366;\">F\u00fcr mich gibt es in der Elternberatung zwei wichtige Punkte :<\/span><\/h3>\n<h3><span style=\"color: #003366;\">Jede\/jeder gibt immer sein Bestes, sonst w\u00fcrde sie\/er es besser machen.<\/span><\/h3>\n<h3><span style=\"color: #003366;\">Mach mehr von dem, was du gut kannst, dann hast du weniger Zeit f\u00fcr das Negative.<\/span><\/h3>\n<h3><span style=\"color: #003366;\">Manchmal sind es nur kleine Ver\u00e4nderungen, die die Zufriedenheit und Zuversicht aller Beteiligten f\u00f6rdern.<\/span><\/h3>\n<h3><span style=\"color: #003366;\">F\u00fcr meine Arbeit ist es nicht wichtig, ob bereits eine Diagnose gestellt wurde.<\/span><\/h3>\n<h3><span style=\"color: #003366;\">Viele Dinge aus dem Bereich \u201eUmgang mit ADS\/ADHS Kindern\u201c sind auch im ganz normalen Erziehungsalltag hilfreich, deshalb betreue ich ebenso Familien, in denen Erziehungsprobleme oder schwierige Situationen eine gro\u00dfe Unzufriedenheit ausl\u00f6sen.<\/span><\/h3>\n<h3><span style=\"color: #003366;\"><strong>Ziel der Elternberatung ist :<\/strong><\/span><\/h3>\n<h3><span style=\"color: #003366;\">&#8211; die Entlastung der Erziehenden<\/span><br><span style=\"color: #003366;\">&#8211; die St\u00e4rkung der Erziehungskompetenz<\/span><br><span style=\"color: #003366;\">&#8211; die F\u00f6rderung von Zuversicht und Zufriedenheit<\/span><br><span style=\"color: #003366;\">&#8211; Entwicklung von L\u00f6sungsstrategien<\/span><\/h3>\t\t\t\t\t\t\t\t<\/div>\n\t\t\t\t<\/div>\n\t\t\t\t\t<\/div>\n\t\t<\/div>\n\t\t\t\t\t<\/div>\n\t\t<\/section>\n\t\t\t\t<\/div>\n\t\t","protected":false},"excerpt":{"rendered":"<p>Individuelle Einzelberatung Das Angebot richtet sich an alle, (Eltern, Erzieher(innen), Lehrer(innen), Interessierte, Jugendliche, Erwachsene\u2026.) &#8211; die einem besonderen Kind eine faire Chance geben&nbsp;m\u00f6chten &#8211; die ihre Erziehungskompetenz st\u00e4rken m\u00f6chten &#8211; die sich eine Entlastung in der Erziehung w\u00fcnschen &#8211; die sich \u00fcber AD(H)S\/ASS informieren&nbsp;m\u00f6chten &#8211; die mit einem AD(H)S-\/ASS-Betroffenen leben &#8211; die selber von AD(H)S\/ASS [&hellip;]<\/p>\n","protected":false},"author":1,"featured_media":0,"parent":0,"menu_order":0,"comment_status":"closed","ping_status":"closed","template":"","meta":{"footnotes":""},"class_list":["post-502","page","type-page","status-publish","hentry","entry"],"_links":{"self":[{"href":"https:\/\/elternberatung-vlotho.de\/index.php?rest_route=\/wp\/v2\/pages\/502","targetHints":{"allow":["GET"]}}],"collection":[{"href":"https:\/\/elternberatung-vlotho.de\/index.php?rest_route=\/wp\/v2\/pages"}],"about":[{"href":"https:\/\/elternberatung-vlotho.de\/index.php?rest_route=\/wp\/v2\/types\/page"}],"author":[{"embeddable":true,"href":"https:\/\/elternberatung-vlotho.de\/index.php?rest_route=\/wp\/v2\/users\/1"}],"replies":[{"embeddable":true,"href":"https:\/\/elternberatung-vlotho.de\/index.php?rest_route=%2Fwp%2Fv2%2Fcomments&post=502"}],"version-history":[{"count":25,"href":"https:\/\/elternberatung-vlotho.de\/index.php?rest_route=\/wp\/v2\/pages\/502\/revisions"}],"predecessor-version":[{"id":1861,"href":"https:\/\/elternberatung-vlotho.de\/index.php?rest_route=\/wp\/v2\/pages\/502\/revisions\/1861"}],"wp:attachment":[{"href":"https:\/\/elternberatung-vlotho.de\/index.php?rest_route=%2Fwp%2Fv2%2Fmedia&parent=502"}],"curies":[{"name":"wp","href":"https:\/\/api.w.org\/{rel}","templated":true}]}}