{"id":508,"date":"2023-02-07T17:02:00","date_gmt":"2023-02-07T17:02:00","guid":{"rendered":"https:\/\/elternberatung-vlotho.de\/?page_id=508"},"modified":"2023-02-24T11:19:25","modified_gmt":"2023-02-24T11:19:25","slug":"individuelle-einzelbetreuung","status":"publish","type":"page","link":"https:\/\/elternberatung-vlotho.de\/?page_id=508","title":{"rendered":"Individuelle p\u00e4dagogische Einzelbetreuung"},"content":{"rendered":"\t\t<div data-elementor-type=\"wp-page\" data-elementor-id=\"508\" class=\"elementor elementor-508\" data-elementor-post-type=\"page\">\n\t\t\t\t\t\t<section class=\"elementor-section elementor-top-section elementor-element elementor-element-95ae56d elementor-section-boxed elementor-section-height-default elementor-section-height-default\" data-id=\"95ae56d\" data-element_type=\"section\" data-e-type=\"section\">\n\t\t\t\t\t\t<div class=\"elementor-container elementor-column-gap-default\">\n\t\t\t\t\t<div class=\"elementor-column elementor-col-100 elementor-top-column elementor-element elementor-element-15070ba\" data-id=\"15070ba\" data-element_type=\"column\" data-e-type=\"column\">\n\t\t\t<div class=\"elementor-widget-wrap\">\n\t\t\t\t\t\t\t<\/div>\n\t\t<\/div>\n\t\t\t\t\t<\/div>\n\t\t<\/section>\n\t\t\t\t<section class=\"elementor-section elementor-top-section elementor-element elementor-element-69be136 elementor-section-boxed elementor-section-height-default elementor-section-height-default\" data-id=\"69be136\" data-element_type=\"section\" data-e-type=\"section\">\n\t\t\t\t\t\t<div class=\"elementor-container elementor-column-gap-default\">\n\t\t\t\t\t<div class=\"elementor-column elementor-col-100 elementor-top-column elementor-element elementor-element-d20916a\" data-id=\"d20916a\" data-element_type=\"column\" data-e-type=\"column\">\n\t\t\t<div class=\"elementor-widget-wrap elementor-element-populated\">\n\t\t\t\t\t\t<div class=\"elementor-element elementor-element-ffacbe3 elementor-widget elementor-widget-spacer\" data-id=\"ffacbe3\" data-element_type=\"widget\" data-e-type=\"widget\" data-widget_type=\"spacer.default\">\n\t\t\t\t<div class=\"elementor-widget-container\">\n\t\t\t\t\t\t\t<div class=\"elementor-spacer\">\n\t\t\t<div class=\"elementor-spacer-inner\"><\/div>\n\t\t<\/div>\n\t\t\t\t\t\t<\/div>\n\t\t\t\t<\/div>\n\t\t\t\t\t<\/div>\n\t\t<\/div>\n\t\t\t\t\t<\/div>\n\t\t<\/section>\n\t\t\t\t<section class=\"elementor-section elementor-top-section elementor-element elementor-element-e37d77b elementor-section-boxed elementor-section-height-default elementor-section-height-default\" data-id=\"e37d77b\" data-element_type=\"section\" data-e-type=\"section\">\n\t\t\t\t\t\t<div class=\"elementor-container elementor-column-gap-default\">\n\t\t\t\t\t<div class=\"elementor-column elementor-col-100 elementor-top-column elementor-element elementor-element-1850c22\" data-id=\"1850c22\" data-element_type=\"column\" data-e-type=\"column\">\n\t\t\t<div class=\"elementor-widget-wrap elementor-element-populated\">\n\t\t\t\t\t\t<div class=\"elementor-element elementor-element-93413c5 elementor-headline--style-highlight elementor-widget elementor-widget-animated-headline\" data-id=\"93413c5\" data-element_type=\"widget\" data-e-type=\"widget\" data-settings=\"{&quot;highlighted_text&quot;:&quot;p\\u00e4dagogische Einzelbetreuung&quot;,&quot;marker&quot;:&quot;underline_zigzag&quot;,&quot;headline_style&quot;:&quot;highlight&quot;,&quot;loop&quot;:&quot;yes&quot;,&quot;highlight_animation_duration&quot;:1200,&quot;highlight_iteration_delay&quot;:8000}\" data-widget_type=\"animated-headline.default\">\n\t\t\t\t<div class=\"elementor-widget-container\">\n\t\t\t\t\t\t\t<h3 class=\"elementor-headline\">\n\t\t\t\t\t<span class=\"elementor-headline-plain-text elementor-headline-text-wrapper\">Individuelle<\/span>\n\t\t\t\t<span class=\"elementor-headline-dynamic-wrapper elementor-headline-text-wrapper\">\n\t\t\t\t\t<span class=\"elementor-headline-dynamic-text elementor-headline-text-active\">p\u00e4dagogische Einzelbetreuung<\/span>\n\t\t\t\t<\/span>\n\t\t\t\t<\/h3>\n\t\t\t\t\t\t<\/div>\n\t\t\t\t<\/div>\n\t\t\t\t\t<\/div>\n\t\t<\/div>\n\t\t\t\t\t<\/div>\n\t\t<\/section>\n\t\t\t\t<section class=\"elementor-section elementor-top-section elementor-element elementor-element-be93336 elementor-section-boxed elementor-section-height-default elementor-section-height-default\" data-id=\"be93336\" data-element_type=\"section\" data-e-type=\"section\">\n\t\t\t\t\t\t<div class=\"elementor-container elementor-column-gap-default\">\n\t\t\t\t\t<div class=\"elementor-column elementor-col-100 elementor-top-column elementor-element elementor-element-b8632a1\" data-id=\"b8632a1\" data-element_type=\"column\" data-e-type=\"column\">\n\t\t\t<div class=\"elementor-widget-wrap elementor-element-populated\">\n\t\t\t\t\t\t<div class=\"elementor-element elementor-element-2bb813a elementor-widget elementor-widget-text-editor\" data-id=\"2bb813a\" data-element_type=\"widget\" data-e-type=\"widget\" data-widget_type=\"text-editor.default\">\n\t\t\t\t<div class=\"elementor-widget-container\">\n\t\t\t\t\t\t\t\t\t<h3><span style=\"color: #003366;\">Ich unterst\u00fctze Jugendliche und junge Erwachsene durch intensive Betreuung und\u00a0Begleitung bei der Bew\u00e4ltigung von Alltagsproblemen sowie bei der L\u00f6sung von Konflikten.<\/span><\/h3><h3><span style=\"color: #003366;\">Dieses Angebot ist auf einen l\u00e4ngerfristigen Zeitraum ausgelegt.<\/span><\/h3><h3><span style=\"color: #003366;\">Eine vertrauensvolle Beziehung und ein respektvoller Umgang bilden die Grundlage. Eine unverzichtbare Voraussetzung ist allerdings die Bereitschaft, bei der Erarbeitung und Umsetzung der notwendigen Hilfema\u00dfnahmen aktiv mitzuwirken. Das Konzept basiert auf Freiwilligkeit und Best\u00e4ndigkeit. Es ist individuell nach den besonderen Lebensumst\u00e4nden ausgestaltet und eine flexible Reaktion auf Ver\u00e4nderungen ist jederzeit m\u00f6glich.<\/span><\/h3><h3><span style=\"color: #003366;\">Dabei verstehe ich mich als Vermittlerin zwischen dem Jugendlichen\/ jungen Erwachsenen\u00a0und den sozialen\/ gesellschaftlichen Anspr\u00fcchen, die ihm gestellt werden und gel\u00f6st\u00a0werden m\u00fcssen.<\/span><\/h3><h3><span style=\"color: #003366;\">Es geht hierbei um Hilfen, die\u00a0weder\u00a0Verantwortung abnehmen, noch \u00fcberfordern sollen.<\/span><\/h3><h3><span style=\"color: #003366;\">Sie werden immer wieder neu ausgehandelt, \u00fcberpr\u00fcft und neu vereinbart.<\/span><\/h3><h3><span style=\"color: #003366;\">Mir ist es wichtig, dass die Vorgeschichte und die aktuelle Problemlage in der Arbeit ber\u00fccksichtigt wird. Eine Kooperation mit anderen Fachdiensten, Therapeuten usw. sollte immer mit dem zu betreuenden jungen Menschen abgestimmt werden.<\/span><\/h3><h3><span style=\"color: #003366;\"><u>M\u00f6gliche Inhalte<\/u><\/span><\/h3><ul><li><h3><span style=\"color: #003366;\">Erarbeitung einer eigenen Lebensperspektive<\/span><\/h3><\/li><\/ul><ul><li><h3><span style=\"color: #003366;\">Unterst\u00fctzung bei Konflikten<\/span><\/h3><\/li><\/ul><ul><li><h3><span style=\"color: #003366;\">Ein\u00fcbung lebenspraktischer F\u00e4higkeiten<\/span><\/h3><\/li><\/ul><ul><li><h3><span style=\"color: #003366;\">F\u00f6rderung der schulischen und beruflichen Situation<\/span><\/h3><\/li><\/ul><ul><li><h3><span style=\"color: #003366;\">Stabilisierung der Pers\u00f6nlichkeit<\/span><\/h3><\/li><\/ul><ul><li><h3><span style=\"color: #003366;\">Begleitung bei der Verselbstst\u00e4ndigung<\/span><\/h3><\/li><\/ul><ul><li><h3><span style=\"color: #003366;\">Strukturierung des Tagesablaufes<\/span><\/h3><\/li><\/ul><ul><li><h3><span style=\"color: #003366;\">Unterst\u00fctzung im Umgang mit Finanzen<\/span><\/h3><\/li><\/ul><ul><li><h3><span style=\"color: #003366;\">Unterst\u00fctzung im Umgang mit Beh\u00f6rden, Institutionen<\/span><\/h3><\/li><\/ul><ul><li><h3><span style=\"color: #003366;\">Unterst\u00fctzung bei der Wohnungssuche und -einrichtung<\/span><\/h3><\/li><\/ul><ul><li><h3><span style=\"color: #003366;\">Erhalt der eigenen Wohnm\u00f6glichkeit<\/span><\/h3><\/li><\/ul><h3><span style=\"color: #003366;\"><u>Ziele<\/u><\/span><\/h3><ul><li><h3><span style=\"color: #003366;\">Entwicklung einer eigenen Lebensperspektive<\/span><\/h3><\/li><\/ul><ul><li><h3><span style=\"color: #003366;\">Stabilisierung der Pers\u00f6nlichkeit<\/span><\/h3><\/li><\/ul><ul><li><h3><span style=\"color: #003366;\">Motivation und F\u00f6rderung einer eigenverantwortlichen Lebensf\u00fchrung<\/span><\/h3><\/li><\/ul><ul><li><h3><span style=\"color: #003366;\">Erweiterung der sozialen Kompetenzen<\/span><\/h3><\/li><\/ul><ul><li><h3><span style=\"color: #003366;\">soziale und berufliche Integration<\/span><\/h3><\/li><\/ul><h3><span style=\"color: #003366;\">In der Kennlernphase geht es erst einmal darum, in einen engeren Kontakt zu kommen und zur Annahme von Hilfe zu motivieren.<\/span><\/h3><h3><span style=\"color: #003366;\">Diese Phase hat f\u00fcr mich eine gro\u00dfe Bedeutung, da viele junge Erwachsene durch ihre Erfahrungen sehr misstrauisch sind. Wenn das Vertrauen aufgebaut ist und die Bereitschaft zur Zusammenarbeit signalisiert wird, kalkuliere ich R\u00fcckf\u00e4lle bzw. Ziel\u00e4nderungen bzw. Anpassungen ein.<\/span><\/h3><h3><span style=\"color: #003366;\">Die n\u00e4chste Phase betrifft die Stabilisierung der Pers\u00f6nlichkeit und\u00a0der\u00a0Lebensumst\u00e4nde\u00a0(siehe Ziele und Inhalte).<\/span><\/h3><h3><span style=\"color: #003366;\">Die Ziele werden gemeinsam erarbeitet und bei Bedarf angepasst.<\/span><\/h3><h3><span style=\"color: #003366;\">Die Abl\u00f6sephase besteht in der Absicherung der Verselbstst\u00e4ndigung. Der Kontakt wird schrittweise reduziert, wenn die Lebensumst\u00e4nde stabilisiert und abgesichert sind.<\/span><\/h3><h3><span style=\"color: #003366;\">Der Kontakt bleibt solange bestehen, wie der Jugendliche\/ junge Erwachsene es w\u00fcnscht.<\/span><\/h3>\t\t\t\t\t\t\t\t<\/div>\n\t\t\t\t<\/div>\n\t\t\t\t\t<\/div>\n\t\t<\/div>\n\t\t\t\t\t<\/div>\n\t\t<\/section>\n\t\t\t\t<\/div>\n\t\t","protected":false},"excerpt":{"rendered":"<p>Individuelle p\u00e4dagogische Einzelbetreuung Ich unterst\u00fctze Jugendliche und junge Erwachsene durch intensive Betreuung und\u00a0Begleitung bei der Bew\u00e4ltigung von Alltagsproblemen sowie bei der L\u00f6sung von Konflikten. Dieses Angebot ist auf einen l\u00e4ngerfristigen Zeitraum ausgelegt. Eine vertrauensvolle Beziehung und ein respektvoller Umgang bilden die Grundlage. Eine unverzichtbare Voraussetzung ist allerdings die Bereitschaft, bei der Erarbeitung und Umsetzung der [&hellip;]<\/p>\n","protected":false},"author":1,"featured_media":0,"parent":0,"menu_order":0,"comment_status":"closed","ping_status":"closed","template":"","meta":{"footnotes":""},"class_list":["post-508","page","type-page","status-publish","hentry","entry"],"_links":{"self":[{"href":"https:\/\/elternberatung-vlotho.de\/index.php?rest_route=\/wp\/v2\/pages\/508","targetHints":{"allow":["GET"]}}],"collection":[{"href":"https:\/\/elternberatung-vlotho.de\/index.php?rest_route=\/wp\/v2\/pages"}],"about":[{"href":"https:\/\/elternberatung-vlotho.de\/index.php?rest_route=\/wp\/v2\/types\/page"}],"author":[{"embeddable":true,"href":"https:\/\/elternberatung-vlotho.de\/index.php?rest_route=\/wp\/v2\/users\/1"}],"replies":[{"embeddable":true,"href":"https:\/\/elternberatung-vlotho.de\/index.php?rest_route=%2Fwp%2Fv2%2Fcomments&post=508"}],"version-history":[{"count":32,"href":"https:\/\/elternberatung-vlotho.de\/index.php?rest_route=\/wp\/v2\/pages\/508\/revisions"}],"predecessor-version":[{"id":1454,"href":"https:\/\/elternberatung-vlotho.de\/index.php?rest_route=\/wp\/v2\/pages\/508\/revisions\/1454"}],"wp:attachment":[{"href":"https:\/\/elternberatung-vlotho.de\/index.php?rest_route=%2Fwp%2Fv2%2Fmedia&parent=508"}],"curies":[{"name":"wp","href":"https:\/\/api.w.org\/{rel}","templated":true}]}}