{"id":514,"date":"2023-02-07T17:03:23","date_gmt":"2023-02-07T17:03:23","guid":{"rendered":"https:\/\/elternberatung-vlotho.de\/?page_id=514"},"modified":"2023-02-24T18:48:02","modified_gmt":"2023-02-24T18:48:02","slug":"angebote-fuer-lehrerinnen-erzieherinnen-ausbildungsbetriebe","status":"publish","type":"page","link":"https:\/\/elternberatung-vlotho.de\/?page_id=514","title":{"rendered":"Angebote f\u00fcr LehrerInnen, ErzieherInnen, Ausbildungsbetriebe"},"content":{"rendered":"\t\t<div data-elementor-type=\"wp-page\" data-elementor-id=\"514\" class=\"elementor elementor-514\" data-elementor-post-type=\"page\">\n\t\t\t\t\t\t<section class=\"elementor-section elementor-top-section elementor-element elementor-element-d4a15fd elementor-section-boxed elementor-section-height-default elementor-section-height-default\" data-id=\"d4a15fd\" data-element_type=\"section\" data-e-type=\"section\">\n\t\t\t\t\t\t<div class=\"elementor-container elementor-column-gap-default\">\n\t\t\t\t\t<div class=\"elementor-column elementor-col-100 elementor-top-column elementor-element elementor-element-f5599b3\" data-id=\"f5599b3\" data-element_type=\"column\" data-e-type=\"column\">\n\t\t\t<div class=\"elementor-widget-wrap elementor-element-populated\">\n\t\t\t\t\t\t\t<\/div>\n\t\t<\/div>\n\t\t\t\t\t<\/div>\n\t\t<\/section>\n\t\t\t\t<section class=\"elementor-section elementor-top-section elementor-element elementor-element-80154c4 elementor-section-boxed elementor-section-height-default elementor-section-height-default\" data-id=\"80154c4\" data-element_type=\"section\" data-e-type=\"section\">\n\t\t\t\t\t\t<div class=\"elementor-container elementor-column-gap-default\">\n\t\t\t\t\t<div class=\"elementor-column elementor-col-100 elementor-top-column elementor-element elementor-element-04b52f3\" data-id=\"04b52f3\" data-element_type=\"column\" data-e-type=\"column\">\n\t\t\t<div class=\"elementor-widget-wrap elementor-element-populated\">\n\t\t\t\t\t\t\t<\/div>\n\t\t<\/div>\n\t\t\t\t\t<\/div>\n\t\t<\/section>\n\t\t\t\t<section class=\"elementor-section elementor-top-section elementor-element elementor-element-e4d92e0 elementor-section-boxed elementor-section-height-default elementor-section-height-default\" data-id=\"e4d92e0\" data-element_type=\"section\" data-e-type=\"section\">\n\t\t\t\t\t\t<div class=\"elementor-container elementor-column-gap-default\">\n\t\t\t\t\t<div class=\"elementor-column elementor-col-100 elementor-top-column elementor-element elementor-element-adebc6c\" data-id=\"adebc6c\" data-element_type=\"column\" data-e-type=\"column\">\n\t\t\t<div class=\"elementor-widget-wrap elementor-element-populated\">\n\t\t\t\t\t\t<div class=\"elementor-element elementor-element-130b7fa elementor-widget elementor-widget-spacer\" data-id=\"130b7fa\" data-element_type=\"widget\" data-e-type=\"widget\" data-widget_type=\"spacer.default\">\n\t\t\t\t<div class=\"elementor-widget-container\">\n\t\t\t\t\t\t\t<div class=\"elementor-spacer\">\n\t\t\t<div class=\"elementor-spacer-inner\"><\/div>\n\t\t<\/div>\n\t\t\t\t\t\t<\/div>\n\t\t\t\t<\/div>\n\t\t\t\t\t<\/div>\n\t\t<\/div>\n\t\t\t\t\t<\/div>\n\t\t<\/section>\n\t\t\t\t<section class=\"elementor-section elementor-top-section elementor-element elementor-element-dec1ae7 elementor-section-boxed elementor-section-height-default elementor-section-height-default\" data-id=\"dec1ae7\" data-element_type=\"section\" data-e-type=\"section\">\n\t\t\t\t\t\t<div class=\"elementor-container elementor-column-gap-default\">\n\t\t\t\t\t<div class=\"elementor-column elementor-col-100 elementor-top-column elementor-element elementor-element-9cf8912\" data-id=\"9cf8912\" data-element_type=\"column\" data-e-type=\"column\">\n\t\t\t<div class=\"elementor-widget-wrap elementor-element-populated\">\n\t\t\t\t\t\t<div class=\"elementor-element elementor-element-bcba382 elementor-headline--style-highlight elementor-widget elementor-widget-animated-headline\" data-id=\"bcba382\" data-element_type=\"widget\" data-e-type=\"widget\" data-settings=\"{&quot;highlighted_text&quot;:&quot;LehrerInnen, ErzieherInnen, Ausbildungsbetriebe&quot;,&quot;marker&quot;:&quot;underline_zigzag&quot;,&quot;headline_style&quot;:&quot;highlight&quot;,&quot;loop&quot;:&quot;yes&quot;,&quot;highlight_animation_duration&quot;:1200,&quot;highlight_iteration_delay&quot;:8000}\" data-widget_type=\"animated-headline.default\">\n\t\t\t\t<div class=\"elementor-widget-container\">\n\t\t\t\t\t\t\t<h3 class=\"elementor-headline\">\n\t\t\t\t\t<span class=\"elementor-headline-plain-text elementor-headline-text-wrapper\">Angebote f\u00fcr<\/span>\n\t\t\t\t<span class=\"elementor-headline-dynamic-wrapper elementor-headline-text-wrapper\">\n\t\t\t\t\t<span class=\"elementor-headline-dynamic-text elementor-headline-text-active\">LehrerInnen, ErzieherInnen, Ausbildungsbetriebe<\/span>\n\t\t\t\t<\/span>\n\t\t\t\t<\/h3>\n\t\t\t\t\t\t<\/div>\n\t\t\t\t<\/div>\n\t\t\t\t\t<\/div>\n\t\t<\/div>\n\t\t\t\t\t<\/div>\n\t\t<\/section>\n\t\t\t\t<section class=\"elementor-section elementor-top-section elementor-element elementor-element-f7557ee elementor-section-boxed elementor-section-height-default elementor-section-height-default\" data-id=\"f7557ee\" data-element_type=\"section\" data-e-type=\"section\">\n\t\t\t\t\t\t<div class=\"elementor-container elementor-column-gap-default\">\n\t\t\t\t\t<div class=\"elementor-column elementor-col-100 elementor-top-column elementor-element elementor-element-33f2394\" data-id=\"33f2394\" data-element_type=\"column\" data-e-type=\"column\">\n\t\t\t<div class=\"elementor-widget-wrap elementor-element-populated\">\n\t\t\t\t\t\t<div class=\"elementor-element elementor-element-4c17413 elementor-widget elementor-widget-heading\" data-id=\"4c17413\" data-element_type=\"widget\" data-e-type=\"widget\" data-widget_type=\"heading.default\">\n\t\t\t\t<div class=\"elementor-widget-container\">\n\t\t\t\t\t<h2 class=\"elementor-heading-title elementor-size-large\">Kinder, Jugendliche und junge Erwachsene integrieren<\/h2>\t\t\t\t<\/div>\n\t\t\t\t<\/div>\n\t\t\t\t\t<\/div>\n\t\t<\/div>\n\t\t\t\t\t<\/div>\n\t\t<\/section>\n\t\t\t\t<section class=\"elementor-section elementor-top-section elementor-element elementor-element-addf4f1 elementor-section-boxed elementor-section-height-default elementor-section-height-default\" data-id=\"addf4f1\" data-element_type=\"section\" data-e-type=\"section\">\n\t\t\t\t\t\t<div class=\"elementor-container elementor-column-gap-default\">\n\t\t\t\t\t<div class=\"elementor-column elementor-col-100 elementor-top-column elementor-element elementor-element-b1d1263\" data-id=\"b1d1263\" data-element_type=\"column\" data-e-type=\"column\">\n\t\t\t<div class=\"elementor-widget-wrap elementor-element-populated\">\n\t\t\t\t\t\t<div class=\"elementor-element elementor-element-edce409 elementor-widget elementor-widget-text-editor\" data-id=\"edce409\" data-element_type=\"widget\" data-e-type=\"widget\" data-widget_type=\"text-editor.default\">\n\t\t\t\t<div class=\"elementor-widget-container\">\n\t\t\t\t\t\t\t\t\t<h3><span style=\"color: #003366;\"><strong>Wie kann ich ein Kind\/\u00a0<\/strong><strong>einen Jugendlichen mit AD(H)S, <\/strong><strong>Asperger-Syndrom, Lernschwierigkeiten oder Verhaltensauff\u00e4lligkeiten gut in die Kindergartengruppe\/ Schulklasse oder Berufsschulklasse\/ Ausbildungsbetrieb integrieren?\u00a0 \u00a0<\/strong>\u00a0 \u00a0 \u00a0 \u00a0 \u00a0\u00a0<\/span><\/h3><h3><span style=\"color: #003366;\">Haben Sie ein Kind oder Jugendlichen in Ihrer Klasse, der regelm\u00e4\u00dfig den Unterricht st\u00f6rt oder\u00a0vor sich hin tr\u00e4umt ?<\/span><\/h3><h3><span style=\"color: #003366;\">Gibt es ein Kind in Ihrer Gruppe, dass den ganzen Kita-Ablauf durcheinander bringt?<\/span><\/h3><h3><span style=\"color: #003366;\">L\u00e4sst sich ein Auszubildender\/ eine Auszubildende nur schwer integrieren?<\/span><\/h3><h3><span style=\"color: #003366;\">Hier bekommen Sie Tipps, wie Sie einem AD(H)s-ler\/ Asperger helfen, damit er nicht zum S\u00fcndenbock, Klassenkasper oder Gruppenclown wird.<\/span><\/h3><h3><span style=\"color: #003366;\">Ganz wichtig ist erst einmal das Wissen \u00fcber die Thematik AD(H)S, Asperger und seine Folgen.<\/span><\/h3><h3><span style=\"color: #003366;\">Gerne komme ich in Ihre Einrichtung, um Fragen mit Ihnen zu besprechen wie z.B.<\/span><\/h3><h3><span style=\"color: #003366;\">&#8211; Was ist AD(H)S \/ Asperger eigentlich genau und wie sieht es aus der Sicht von\u00a0\u00a0\u00a0<\/span><\/h3><h3><span style=\"color: #003366;\">\u00a0 Kindern\/Jugendlichen aus?<\/span><\/h3><h3><span style=\"color: #003366;\">&#8211; Wie lenke ich ein Kind\/Jugendlichen vorausschauend?<\/span><\/h3><h3><span style=\"color: #003366;\">&#8211; Wie stelle ich verst\u00e4ndliche Aufgaben und Anweisungen?<\/span><\/h3><h3><span style=\"color: #003366;\">&#8211; Was kann ich bei der Raumgestaltung und Sitzordnung beachten?<\/span><\/h3><h3><span style=\"color: #003366;\">&#8211; Was sollte ich \u00fcber die Besonderheiten im Sozialverhalten wissen?<\/span><\/h3><h3><span style=\"color: #003366;\">&#8211; Wie wichtig ist der Kontakt zu den Eltern?<\/span><\/h3><h3><span style=\"color: #003366;\">&#8211; Was kann ich f\u00fcr mich selber tun ?<\/span><\/h3><h3><span style=\"color: #003366;\">&#8211; &#8230;&#8230;..<\/span><\/h3><h3><span style=\"color: #003366;\"><em><strong>Wer eine positive Beziehung zu einem Kind\/Jugendlichen\/jungen Erwachsenen mit AD(H)S aufbaut und ihm eine faire Chance gibt, hat schon viel gewonnen.<\/strong><\/em><\/span><\/h3><h3><span style=\"color: #003366;\">Die Hyperaktiven fallen von ganz alleine auf,\u00a0aber auch die Tr\u00e4umer m\u00fcssen entdeckt werden.<\/span><\/h3><h3><span style=\"color: #003366;\">Zu schnell geraten sie in die Spirale, dass sie ja k\u00f6nnten, wenn sie denn wollten.<\/span><\/h3><h3><span style=\"color: #003366;\">Alle diese Kinder und Jugendlichen k\u00f6nnen eine ganze Menge leisten und eine Bereicherung f\u00fcr eine Gruppe sein, wenn sie einen festen Rahmen\u00a0und Vertrauen bekommen.<\/span><\/h3><h3><span style=\"color: #003366;\">Dasselbe gilt auch f\u00fcr den Bereich\u00a0des\u00a0Asperger-Syndroms.<\/span><\/h3>\t\t\t\t\t\t\t\t<\/div>\n\t\t\t\t<\/div>\n\t\t\t\t\t<\/div>\n\t\t<\/div>\n\t\t\t\t\t<\/div>\n\t\t<\/section>\n\t\t\t\t<\/div>\n\t\t","protected":false},"excerpt":{"rendered":"<p>Angebote f\u00fcr LehrerInnen, ErzieherInnen, Ausbildungsbetriebe Kinder, Jugendliche und junge Erwachsene integrieren Wie kann ich ein Kind\/\u00a0einen Jugendlichen mit AD(H)S, Asperger-Syndrom, Lernschwierigkeiten oder Verhaltensauff\u00e4lligkeiten gut in die Kindergartengruppe\/ Schulklasse oder Berufsschulklasse\/ Ausbildungsbetrieb integrieren?\u00a0 \u00a0\u00a0 \u00a0 \u00a0 \u00a0 \u00a0\u00a0 Haben Sie ein Kind oder Jugendlichen in Ihrer Klasse, der regelm\u00e4\u00dfig den Unterricht st\u00f6rt oder\u00a0vor sich hin tr\u00e4umt [&hellip;]<\/p>\n","protected":false},"author":1,"featured_media":0,"parent":0,"menu_order":0,"comment_status":"closed","ping_status":"closed","template":"","meta":{"footnotes":""},"class_list":["post-514","page","type-page","status-publish","hentry","entry"],"_links":{"self":[{"href":"https:\/\/elternberatung-vlotho.de\/index.php?rest_route=\/wp\/v2\/pages\/514","targetHints":{"allow":["GET"]}}],"collection":[{"href":"https:\/\/elternberatung-vlotho.de\/index.php?rest_route=\/wp\/v2\/pages"}],"about":[{"href":"https:\/\/elternberatung-vlotho.de\/index.php?rest_route=\/wp\/v2\/types\/page"}],"author":[{"embeddable":true,"href":"https:\/\/elternberatung-vlotho.de\/index.php?rest_route=\/wp\/v2\/users\/1"}],"replies":[{"embeddable":true,"href":"https:\/\/elternberatung-vlotho.de\/index.php?rest_route=%2Fwp%2Fv2%2Fcomments&post=514"}],"version-history":[{"count":28,"href":"https:\/\/elternberatung-vlotho.de\/index.php?rest_route=\/wp\/v2\/pages\/514\/revisions"}],"predecessor-version":[{"id":1478,"href":"https:\/\/elternberatung-vlotho.de\/index.php?rest_route=\/wp\/v2\/pages\/514\/revisions\/1478"}],"wp:attachment":[{"href":"https:\/\/elternberatung-vlotho.de\/index.php?rest_route=%2Fwp%2Fv2%2Fmedia&parent=514"}],"curies":[{"name":"wp","href":"https:\/\/api.w.org\/{rel}","templated":true}]}}