{"id":707,"date":"2023-02-09T12:35:53","date_gmt":"2023-02-09T12:35:53","guid":{"rendered":"https:\/\/elternberatung-vlotho.de\/?page_id=707"},"modified":"2023-02-24T18:43:16","modified_gmt":"2023-02-24T18:43:16","slug":"eltern-staerke-test","status":"publish","type":"page","link":"https:\/\/elternberatung-vlotho.de\/?page_id=707","title":{"rendered":"Eltern-St\u00e4rke-Test"},"content":{"rendered":"\t\t<div data-elementor-type=\"wp-page\" data-elementor-id=\"707\" class=\"elementor elementor-707\" data-elementor-post-type=\"page\">\n\t\t\t\t\t\t<section class=\"elementor-section elementor-top-section elementor-element elementor-element-fb032ec elementor-section-boxed elementor-section-height-default elementor-section-height-default\" data-id=\"fb032ec\" data-element_type=\"section\" data-e-type=\"section\">\n\t\t\t\t\t\t<div class=\"elementor-container elementor-column-gap-default\">\n\t\t\t\t\t<div class=\"elementor-column elementor-col-100 elementor-top-column elementor-element elementor-element-c8f2cbe\" data-id=\"c8f2cbe\" data-element_type=\"column\" data-e-type=\"column\">\n\t\t\t<div class=\"elementor-widget-wrap elementor-element-populated\">\n\t\t\t\t\t\t<div class=\"elementor-element elementor-element-7e3b38c elementor-widget elementor-widget-spacer\" data-id=\"7e3b38c\" data-element_type=\"widget\" data-e-type=\"widget\" data-widget_type=\"spacer.default\">\n\t\t\t\t<div class=\"elementor-widget-container\">\n\t\t\t\t\t\t\t<div class=\"elementor-spacer\">\n\t\t\t<div class=\"elementor-spacer-inner\"><\/div>\n\t\t<\/div>\n\t\t\t\t\t\t<\/div>\n\t\t\t\t<\/div>\n\t\t\t\t<div class=\"elementor-element elementor-element-fd9e108 elementor-headline--style-highlight elementor-widget elementor-widget-animated-headline\" data-id=\"fd9e108\" data-element_type=\"widget\" data-e-type=\"widget\" data-settings=\"{&quot;marker&quot;:&quot;underline_zigzag&quot;,&quot;highlighted_text&quot;:&quot;Eltern-St\\u00e4rke-Test&quot;,&quot;headline_style&quot;:&quot;highlight&quot;,&quot;loop&quot;:&quot;yes&quot;,&quot;highlight_animation_duration&quot;:1200,&quot;highlight_iteration_delay&quot;:8000}\" data-widget_type=\"animated-headline.default\">\n\t\t\t\t<div class=\"elementor-widget-container\">\n\t\t\t\t\t\t\t<h3 class=\"elementor-headline\">\n\t\t\t\t<span class=\"elementor-headline-dynamic-wrapper elementor-headline-text-wrapper\">\n\t\t\t\t\t<span class=\"elementor-headline-dynamic-text elementor-headline-text-active\">Eltern-St\u00e4rke-Test<\/span>\n\t\t\t\t<\/span>\n\t\t\t\t<\/h3>\n\t\t\t\t\t\t<\/div>\n\t\t\t\t<\/div>\n\t\t\t\t\t<\/div>\n\t\t<\/div>\n\t\t\t\t\t<\/div>\n\t\t<\/section>\n\t\t\t\t<section class=\"elementor-section elementor-top-section elementor-element elementor-element-15cabf8 elementor-section-boxed elementor-section-height-default elementor-section-height-default\" data-id=\"15cabf8\" data-element_type=\"section\" data-e-type=\"section\">\n\t\t\t\t\t\t<div class=\"elementor-container elementor-column-gap-default\">\n\t\t\t\t\t<div class=\"elementor-column elementor-col-100 elementor-top-column elementor-element elementor-element-9711d12\" data-id=\"9711d12\" data-element_type=\"column\" data-e-type=\"column\">\n\t\t\t<div class=\"elementor-widget-wrap elementor-element-populated\">\n\t\t\t\t\t\t<div class=\"elementor-element elementor-element-550b68b elementor-widget elementor-widget-text-editor\" data-id=\"550b68b\" data-element_type=\"widget\" data-e-type=\"widget\" data-widget_type=\"text-editor.default\">\n\t\t\t\t<div class=\"elementor-widget-container\">\n\t\t\t\t\t\t\t\t\t<h3 align=\"left\"><span style=\"font-family: Roboto, sans-serif; color: #003366;\"><span style=\"font-size: medium;\"><span style=\"font-size: large;\">auf der Grundlage der F\u00fcnf S\u00e4ulen der Erziehung entwickelt von Sigrid Tsch\u00f6pe-Scheffler<\/span><\/span><\/span><\/h3><h3 align=\"left\"><span style=\"font-family: Roboto, sans-serif; color: #003366;\"><span style=\"font-size: medium;\"><span style=\"font-size: large;\">Viele Eltern fragen sich:<br \/>Was braucht mein Kind, um sich zu entfalten und gut entwickeln zu k\u00f6nnen?<br \/>Der Test beruht auf den f\u00fcnf Eckpfeiler <\/span><\/span><\/span><span style=\"font-family: Roboto, sans-serif; color: #003366;\"><span style=\"font-size: large;\">der Erziehung :<br \/>&#8211; Liebe<br \/>&#8211; Achtung<br \/>&#8211; Kooperation<br \/>&#8211; Struktur<br \/>&#8211; F\u00f6rderung<\/span><\/span><\/h3><h3 align=\"left\"><span style=\"font-family: Roboto, sans-serif; color: #003366;\"><span style=\"font-size: medium;\"><span style=\"font-size: large;\">Es wird das Erziehungsverhalten und die Beziehung zum Kind hinterfragt, um den individuellen Stil im Umgang mit dem Kind zu finden.<\/span><\/span><\/span><\/h3><h3 align=\"left\"><span style=\"font-family: Roboto, sans-serif; color: #003366;\"><span style=\"font-size: medium;\"><span style=\"font-size: large;\">Eltern k\u00f6nnen so herausfinden<br \/>&#8211; welcher Elterntyp sie sind<br \/>&#8211; ihre St\u00e4rken entdecken<br \/>&#8211; erfahren, wo sie sich als Eltern weiterentwickeln k\u00f6nnen<\/span><\/span><\/span><\/h3>\t\t\t\t\t\t\t\t<\/div>\n\t\t\t\t<\/div>\n\t\t\t\t\t<\/div>\n\t\t<\/div>\n\t\t\t\t\t<\/div>\n\t\t<\/section>\n\t\t\t\t<\/div>\n\t\t","protected":false},"excerpt":{"rendered":"<p>Eltern-St\u00e4rke-Test auf der Grundlage der F\u00fcnf S\u00e4ulen der Erziehung entwickelt von Sigrid Tsch\u00f6pe-Scheffler Viele Eltern fragen sich:Was braucht mein Kind, um sich zu entfalten und gut entwickeln zu k\u00f6nnen?Der Test beruht auf den f\u00fcnf Eckpfeiler der Erziehung :&#8211; Liebe&#8211; Achtung&#8211; Kooperation&#8211; Struktur&#8211; F\u00f6rderung Es wird das Erziehungsverhalten und die Beziehung zum Kind hinterfragt, um den [&hellip;]<\/p>\n","protected":false},"author":1,"featured_media":0,"parent":0,"menu_order":0,"comment_status":"closed","ping_status":"closed","template":"","meta":{"footnotes":""},"class_list":["post-707","page","type-page","status-publish","hentry","entry"],"_links":{"self":[{"href":"https:\/\/elternberatung-vlotho.de\/index.php?rest_route=\/wp\/v2\/pages\/707","targetHints":{"allow":["GET"]}}],"collection":[{"href":"https:\/\/elternberatung-vlotho.de\/index.php?rest_route=\/wp\/v2\/pages"}],"about":[{"href":"https:\/\/elternberatung-vlotho.de\/index.php?rest_route=\/wp\/v2\/types\/page"}],"author":[{"embeddable":true,"href":"https:\/\/elternberatung-vlotho.de\/index.php?rest_route=\/wp\/v2\/users\/1"}],"replies":[{"embeddable":true,"href":"https:\/\/elternberatung-vlotho.de\/index.php?rest_route=%2Fwp%2Fv2%2Fcomments&post=707"}],"version-history":[{"count":46,"href":"https:\/\/elternberatung-vlotho.de\/index.php?rest_route=\/wp\/v2\/pages\/707\/revisions"}],"predecessor-version":[{"id":1463,"href":"https:\/\/elternberatung-vlotho.de\/index.php?rest_route=\/wp\/v2\/pages\/707\/revisions\/1463"}],"wp:attachment":[{"href":"https:\/\/elternberatung-vlotho.de\/index.php?rest_route=%2Fwp%2Fv2%2Fmedia&parent=707"}],"curies":[{"name":"wp","href":"https:\/\/api.w.org\/{rel}","templated":true}]}}