{"id":897,"date":"2023-02-10T15:41:40","date_gmt":"2023-02-10T15:41:40","guid":{"rendered":"https:\/\/elternberatung-vlotho.de\/?page_id=897"},"modified":"2024-05-22T09:44:37","modified_gmt":"2024-05-22T09:44:37","slug":"was-ist-adhs","status":"publish","type":"page","link":"https:\/\/elternberatung-vlotho.de\/?page_id=897","title":{"rendered":"Was ist AD(H)S"},"content":{"rendered":"\t\t<div data-elementor-type=\"wp-page\" data-elementor-id=\"897\" class=\"elementor elementor-897\" data-elementor-post-type=\"page\">\n\t\t\t\t\t\t<section class=\"elementor-section elementor-top-section elementor-element elementor-element-13f9917 elementor-section-boxed elementor-section-height-default elementor-section-height-default\" data-id=\"13f9917\" data-element_type=\"section\" data-e-type=\"section\">\n\t\t\t\t\t\t<div class=\"elementor-container elementor-column-gap-default\">\n\t\t\t\t\t<div class=\"elementor-column elementor-col-100 elementor-top-column elementor-element elementor-element-c5b04e0\" data-id=\"c5b04e0\" data-element_type=\"column\" data-e-type=\"column\">\n\t\t\t<div class=\"elementor-widget-wrap elementor-element-populated\">\n\t\t\t\t\t\t<div class=\"elementor-element elementor-element-ee8420d elementor-widget elementor-widget-spacer\" data-id=\"ee8420d\" data-element_type=\"widget\" data-e-type=\"widget\" data-widget_type=\"spacer.default\">\n\t\t\t\t<div class=\"elementor-widget-container\">\n\t\t\t\t\t\t\t<div class=\"elementor-spacer\">\n\t\t\t<div class=\"elementor-spacer-inner\"><\/div>\n\t\t<\/div>\n\t\t\t\t\t\t<\/div>\n\t\t\t\t<\/div>\n\t\t\t\t\t<\/div>\n\t\t<\/div>\n\t\t\t\t\t<\/div>\n\t\t<\/section>\n\t\t\t\t<section class=\"elementor-section elementor-top-section elementor-element elementor-element-352fe3f elementor-section-boxed elementor-section-height-default elementor-section-height-default\" data-id=\"352fe3f\" data-element_type=\"section\" data-e-type=\"section\">\n\t\t\t\t\t\t<div class=\"elementor-container elementor-column-gap-default\">\n\t\t\t\t\t<div class=\"elementor-column elementor-col-100 elementor-top-column elementor-element elementor-element-74d4a5c\" data-id=\"74d4a5c\" data-element_type=\"column\" data-e-type=\"column\">\n\t\t\t<div class=\"elementor-widget-wrap elementor-element-populated\">\n\t\t\t\t\t\t<div class=\"elementor-element elementor-element-fe67e38 elementor-headline--style-rotate elementor-widget elementor-widget-animated-headline\" data-id=\"fe67e38\" data-element_type=\"widget\" data-e-type=\"widget\" data-settings=\"{&quot;headline_style&quot;:&quot;rotate&quot;,&quot;animation_type&quot;:&quot;typing&quot;,&quot;rotate_iteration_delay&quot;:2500}\" data-widget_type=\"animated-headline.default\">\n\t\t\t\t<div class=\"elementor-widget-container\">\n\t\t\t\t\t\t\t<h3 class=\"elementor-headline elementor-headline-animation-type-typing elementor-headline-letters\">\n\t\t\t\t\t<span class=\"elementor-headline-plain-text elementor-headline-text-wrapper\">Was ist AD(H)S?<\/span>\n\t\t\t\t<span class=\"elementor-headline-dynamic-wrapper elementor-headline-text-wrapper\">\n\t\t\t\t<\/span>\n\t\t\t\t<\/h3>\n\t\t\t\t\t\t<\/div>\n\t\t\t\t<\/div>\n\t\t\t\t\t<\/div>\n\t\t<\/div>\n\t\t\t\t\t<\/div>\n\t\t<\/section>\n\t\t\t\t<section class=\"elementor-section elementor-top-section elementor-element elementor-element-d5c9144 elementor-section-boxed elementor-section-height-default elementor-section-height-default\" data-id=\"d5c9144\" data-element_type=\"section\" data-e-type=\"section\">\n\t\t\t\t\t\t<div class=\"elementor-container elementor-column-gap-default\">\n\t\t\t\t\t<div class=\"elementor-column elementor-col-100 elementor-top-column elementor-element elementor-element-f1168c3\" data-id=\"f1168c3\" data-element_type=\"column\" data-e-type=\"column\">\n\t\t\t<div class=\"elementor-widget-wrap elementor-element-populated\">\n\t\t\t\t\t\t<div class=\"elementor-element elementor-element-5f1bccb elementor-widget elementor-widget-text-editor\" data-id=\"5f1bccb\" data-element_type=\"widget\" data-e-type=\"widget\" data-widget_type=\"text-editor.default\">\n\t\t\t\t<div class=\"elementor-widget-container\">\n\t\t\t\t\t\t\t\t\t<h1 class=\"western\"><span style=\"font-family: 'Comic Sans MS', cursive, sans-serif; color: #003366;\"><span style=\"font-size: xx-large;\"><span style=\"text-decoration: underline; color: #ff6600;\"><strong>A<\/strong><\/span>nders\u00a0<span style=\"text-decoration: underline; color: #ff6600;\"><strong>D<\/strong><\/span>enken\u00a0<span style=\"text-decoration: underline; color: #ff6600;\"><strong>H<\/strong><\/span>\u00f6ren <span style=\"text-decoration: underline; color: #ff6600;\"><strong>S<\/strong><\/span>ehen<\/span><\/span><\/h1><p align=\"left\"><span style=\"color: #003366;\">\u00a0<\/span><span style=\"font-family: Roboto, sans-serif; color: #003366;\"><span style=\"font-size: large;\">ADS bedeutet Aufmerksamkeits-Defizit-Syndrom ohne Hyperaktivit\u00e4t.<\/span><\/span><\/p><p align=\"left\"><span style=\"font-family: Roboto, sans-serif; color: #003366;\"><span style=\"font-size: large;\">ADHS bedeutet Aufmerksamkeits-Defizit-Syndrom mit Hyperaktivit\u00e4t.<\/span><\/span><\/p><p align=\"left\"><span style=\"font-family: Roboto, sans-serif; color: #003366;\"><span style=\"font-size: large;\">Sie ist die zur Zeit am h\u00e4ufigsten diagnostizierte psychiatrische St\u00f6rung im Kinder- und Jugendalter.<\/span><\/span><span style=\"color: #003366;\">\u00a0<\/span><\/p><p align=\"left\"><span style=\"text-decoration: underline;\"><strong><span style=\"color: #003366; text-decoration: underline;\"><span style=\"font-family: Roboto, sans-serif;\"><span style=\"font-size: large;\">Die\u00a0<\/span><\/span><span style=\"font-family: Roboto, sans-serif;\"><span style=\"font-size: large;\">Kernsymptome<\/span><\/span><span style=\"font-family: Roboto, sans-serif;\"><span style=\"font-size: large;\">\u00a0sind<\/span><\/span><\/span><\/strong><\/span><\/p><p align=\"left\"><span style=\"font-family: Roboto, sans-serif; color: #003366;\"><span style=\"font-size: large;\">&#8211; Impulsivit\u00e4t<\/span><\/span><\/p><p align=\"left\"><span style=\"font-family: Roboto, sans-serif; color: #003366;\"><span style=\"font-size: large;\">&#8211; Unaufmerksamkeit<\/span><\/span><\/p><p align=\"left\"><span style=\"font-family: Roboto, sans-serif; color: #003366;\"><span style=\"font-size: large;\">&#8211; Hyperaktivit\u00e4t<\/span><\/span><\/p><p align=\"left\"><span style=\"text-decoration: underline; color: #003366;\"><strong><span style=\"font-family: Roboto, sans-serif;\"><span style=\"font-size: large;\">Kernmerkmale der Unaufmerksamkeit<\/span><\/span><\/strong><\/span><\/p><p align=\"left\"><span style=\"color: #003366;\">\u00a0<\/span><span style=\"font-family: Roboto, sans-serif; color: #003366;\"><span style=\"font-size: large;\">&#8211; Details werden \u00fcbersehen, macht viele\u00a0Fl\u00fcchtigkeitsfehler<\/span><\/span><\/p><p align=\"left\"><span style=\"font-family: Roboto, sans-serif; color: #003366;\"><span style=\"font-size: large;\">&#8211; Probleme mit der Daueraufmerksamkeit<\/span><\/span><\/p><p align=\"left\"><span style=\"font-family: Roboto, sans-serif; color: #003366;\"><span style=\"font-size: large;\">&#8211; H\u00f6rt h\u00e4ufig nicht zu<\/span><\/span><\/p><p align=\"left\"><span style=\"font-family: Roboto, sans-serif; color: #003366;\"><span style=\"font-size: large;\">&#8211; Bringt oft Sachen nicht zu Ende<\/span><\/span><\/p><p align=\"left\"><span style=\"font-family: Roboto, sans-serif; color: #003366;\"><span style=\"font-size: large;\">&#8211; Probleme mit der Selbstorganisation<\/span><\/span><\/p><p align=\"left\"><span style=\"font-family: Roboto, sans-serif; color: #003366;\"><span style=\"font-size: large;\">&#8211; Abneigung beziehungsweise Widerwillen, sich l\u00e4nger\u00a0geistig anzustrengen<\/span><\/span><\/p><p align=\"left\"><span style=\"font-family: Roboto, sans-serif; color: #003366;\"><span style=\"font-size: large;\">&#8211; Verlieren und Verlegen von Gegenst\u00e4nden<\/span><\/span><\/p><p align=\"left\"><span style=\"font-family: Roboto, sans-serif; color: #003366;\"><span style=\"font-size: large;\">&#8211; leicht ablenkbar<\/span><\/span><\/p><p align=\"left\"><span style=\"font-family: Roboto, sans-serif; color: #003366;\"><span style=\"font-size: large;\">&#8211; starke Vergesslichkeit<\/span><\/span><\/p><p align=\"left\"><span style=\"color: #003366;\">\u00a0<\/span><\/p><p align=\"left\"><span style=\"text-decoration: underline; color: #003366;\"><strong><span style=\"font-family: Roboto, sans-serif;\"><span style=\"font-size: large;\">Kernmerkmale Hyperaktivit\u00e4t und Impulsivit\u00e4t<\/span><\/span><\/strong><\/span><\/p><p align=\"left\"><span style=\"color: #003366;\">\u00a0<\/span><span style=\"font-family: Roboto, sans-serif; color: #003366;\"><span style=\"font-size: large;\">&#8211; St\u00e4ndige Unruhe<\/span><\/span><\/p><p align=\"left\"><span style=\"font-family: Roboto, sans-serif; color: #003366;\"><span style=\"font-size: large;\">&#8211; Zappeln mit H\u00e4nden oder F\u00fc\u00dfen<\/span><\/span><\/p><p align=\"left\"><span style=\"font-family: Roboto, sans-serif; color: #003366;\"><span style=\"font-size: large;\">&#8211; H\u00e4ufiges Aufstehen<\/span><\/span><\/p><p align=\"left\"><span style=\"color: #003366;\">\u00a0<span style=\"font-family: Roboto, sans-serif;\"><span style=\"font-size: large;\">&#8211; Unf\u00e4higkeit, sitzen zu bleiben<\/span><\/span><\/span><\/p><p align=\"left\"><span style=\"font-family: Roboto, sans-serif; color: #003366;\"><span style=\"font-size: large;\">&#8211; H\u00e4ufiges, unangepasstes Umhergehen<\/span><\/span><\/p><p align=\"left\"><span style=\"font-family: Roboto, sans-serif; color: #003366;\"><span style=\"font-size: large;\">&#8211; Gro\u00dfe Schwierigkeit, ruhig zu spielen<\/span><\/span><\/p><p align=\"left\"><span style=\"font-family: Roboto, sans-serif; color: #003366;\"><span style=\"font-size: large;\">&#8211; Innerlich wie \u201evon einem Motor angetrieben\u201c<\/span><\/span><\/p><p align=\"left\"><span style=\"font-family: Roboto, sans-serif; color: #003366;\"><span style=\"font-size: large;\">&#8211; \u00dcberm\u00e4\u00dfiges Reden<\/span><\/span><\/p><p align=\"left\"><span style=\"font-family: Roboto, sans-serif; color: #003366;\"><span style=\"font-size: large;\">&#8211; Antwortet oft, bevor die Frage vollst\u00e4ndig gestellt\u00a0<\/span><\/span><span style=\"color: #003366;\"><span style=\"font-family: Roboto, sans-serif;\"><span style=\"font-size: large;\">wurde<\/span><\/span><\/span><\/p><p align=\"left\"><span style=\"font-family: Roboto, sans-serif; color: #003366;\"><span style=\"font-size: large;\">&#8211; Kann nur schwer warten, bis er\/sie an der Reihe ist<\/span><\/span><\/p><p align=\"left\"><span style=\"font-family: Roboto, sans-serif; color: #003366;\"><span style=\"font-size: large;\">&#8211; H\u00e4ufiges St\u00f6ren und Unterbrechen anderer<\/span><\/span><\/p><p align=\"left\"><span style=\"color: #003366;\">\u00a0<\/span><span style=\"font-family: Roboto, sans-serif; color: #003366;\"><span style=\"font-size: large;\">Die Merkmale der ADHS\u00a0m\u00fcssen stark ausgepr\u00e4gt sein und das Kind in seiner Entwicklung\u00a0ma\u00dfgeblich\u00a0ausbremsen und\u00a0\u00a0beeintr\u00e4chtigen. Sie m\u00fcssen mindestens ein halbes Jahr\u00a0anhalten und das in verschiedenen Lebensbereichen. Sie d\u00fcrfen nicht die\u00a0 Folge anderer Erkrankungen oder sonstiger Probleme sein.<\/span><\/span><\/p><p align=\"left\"><span style=\"color: #003366;\">\u00a0<\/span><\/p><p align=\"left\"><span style=\"text-decoration: underline; color: #003366;\"><span style=\"font-family: Roboto, sans-serif;\"><span style=\"font-size: large;\">ADHS ohne Hyperaktivit\u00e4t<\/span><\/span><\/span><\/p><p align=\"left\"><strong><span style=\"color: #003366;\">\u00a0<\/span><span style=\"font-family: Roboto, sans-serif; color: #003366;\"><span style=\"font-size: large;\">Kernmerkmale :<\/span><\/span><\/strong><\/p><p align=\"left\"><span style=\"font-family: Roboto, sans-serif; color: #003366;\"><span style=\"font-size: large;\">&#8211; Konzentrationsschw\u00e4che<\/span><\/span><\/p><p align=\"left\"><span style=\"color: #003366;\">\u00a0<span style=\"font-family: Roboto, sans-serif;\"><span style=\"font-size: large;\">&#8211; Ablenkbarkeit<\/span><\/span><\/span><\/p><p align=\"left\"><span style=\"color: #003366;\">\u00a0<span style=\"font-family: Roboto, sans-serif;\"><span style=\"font-size: large;\">&#8211; Zerstreutheit<\/span><\/span><\/span><\/p><p align=\"left\"><span style=\"color: #003366;\">\u00a0<span style=\"font-family: Roboto, sans-serif;\"><span style=\"font-size: large;\">&#8211; Vergesslichkeit<\/span><\/span><\/span><\/p><p align=\"left\"><span style=\"color: #003366;\">\u00a0<span style=\"font-family: Roboto, sans-serif;\"><span style=\"font-size: large;\">&#8211; Unordnung<\/span><\/span><\/span><\/p><p align=\"left\"><span style=\"color: #003366;\">\u00a0<span style=\"font-family: Roboto, sans-serif;\"><span style=\"font-size: large;\">&#8211; Langsamkeit und ein schlechtes Zeitgef\u00fchl<\/span><\/span><\/span><\/p><p align=\"left\"><span style=\"color: #003366;\">\u00a0<\/span><strong><span style=\"color: #003366;\"><span style=\"font-family: Roboto, sans-serif;\"><span style=\"font-size: large;\">Die\u00a0<\/span><\/span><span style=\"font-family: Roboto, sans-serif;\"><span style=\"font-size: large;\">Begleitsymptome<\/span><\/span><span style=\"font-family: Roboto, sans-serif;\"><span style=\"font-size: large;\">\u00a0sind :<\/span><\/span><\/span><\/strong><\/p><p align=\"left\"><span style=\"font-family: Roboto, sans-serif; color: #003366;\"><span style=\"font-size: large;\">&#8211; niedriges Selbstwertgef\u00fchl<\/span><\/span><\/p><p align=\"left\"><span style=\"font-family: Roboto, sans-serif; color: #003366;\"><span style=\"font-size: large;\">&#8211; starke Stimmungsschwankungen<\/span><\/span><\/p><p align=\"left\"><span style=\"font-family: Roboto, sans-serif; color: #003366;\"><span style=\"font-size: large;\">&#8211; gest\u00f6rtes Sozialverhalten<\/span><\/span><\/p><p align=\"left\"><span style=\"font-family: Roboto, sans-serif; color: #003366;\"><span style=\"font-size: large;\">&#8211; oppositionelles Trotzverhalten<\/span><\/span><\/p><p align=\"left\"><span style=\"font-family: Roboto, sans-serif; color: #003366;\"><span style=\"font-size: large;\">&#8211; niedrige Frustrationstoleranz<\/span><\/span><\/p><p align=\"left\"><span style=\"font-family: Roboto, sans-serif; color: #003366;\"><span style=\"font-size: large;\">&#8211; Lern- und Leistungsst\u00f6rungen<\/span><\/span><\/p><p align=\"left\"><span style=\"color: #003366;\">\u00a0<\/span><\/p><p align=\"left\"><span style=\"font-family: Roboto, sans-serif; color: #003366;\"><span style=\"font-size: large;\">Die\u00a0Diagnose\u00a0wird durch<\/span><\/span><\/p><p align=\"left\"><span style=\"font-family: Roboto, sans-serif; color: #003366;\"><span style=\"font-size: large;\">Fach\u00e4rzte f\u00fcr Kinder- und Jugendpsychiatrie und\/oder \u2013Medizin oder Kinder- und Jugendpsychotherapeuten<\/span><\/span><span style=\"color: #003366;\">\u00a0<span style=\"font-family: Roboto, sans-serif;\"><span style=\"font-size: large;\">mit besonderer Ausbildung gestellt <\/span><\/span><\/span><span style=\"color: #003366;\"><span style=\"font-family: Roboto, sans-serif;\"><span style=\"font-size: large;\">und beinhaltet eine weitreichende Untersuchung mit<\/span><\/span><\/span><span style=\"color: #003366;\">\u00a0<span style=\"font-family: Roboto, sans-serif;\"><span style=\"font-size: large;\">verschiedenen Testverfahren :<\/span><\/span><\/span><\/p><p align=\"left\"><span style=\"font-family: Roboto, sans-serif; color: #003366;\"><span style=\"font-size: large;\">&#8211; Verhaltensbeobachtungen durch den Diagnostiker<\/span><\/span><\/p><p align=\"left\"><span style=\"font-family: Roboto, sans-serif; color: #003366;\"><span style=\"font-size: large;\">&#8211; Frageb\u00f6gen, die von Eltern, Lehrer usw. ausgef\u00fcllt\u00a0werden<\/span><\/span><\/p><p align=\"left\"><span style=\"font-family: Roboto, sans-serif; color: #003366;\"><span style=\"font-size: large;\">&#8211; eine Intelligenzdiagnostik (\u00dcber-und Unterforderung)<\/span><\/span><\/p><p align=\"left\"><span style=\"font-family: Roboto, sans-serif; color: #003366;\"><span style=\"font-size: large;\">&#8211; eine Leistungsdiagnostik ( LRS \/ Dyskalkulie)<\/span><\/span><\/p><p align=\"left\"><span style=\"font-family: Roboto, sans-serif; color: #003366;\"><span style=\"font-size: large;\">&#8211; eine Familiendiagnostik<\/span><\/span><\/p><p align=\"left\"><span style=\"font-family: Roboto, sans-serif; color: #003366;\"><span style=\"font-size: large;\">&#8211; eine k\u00f6rperliche Untersuchung (EEG, EGK,\u00a0Blutuntersuchung etc.)<\/span><\/span><\/p><p align=\"left\"><span style=\"color: #003366;\">\u00a0<\/span><\/p><p align=\"left\"><span style=\"font-family: Roboto, sans-serif; color: #003366;\"><span style=\"font-size: large;\">Die Entstehung von ADS\/ADHS ist multifaktorell, aber noch nicht eindeutig gekl\u00e4rt.<\/span><\/span><\/p><p align=\"left\"><span style=\"font-family: Roboto, sans-serif; color: #003366;\"><span style=\"font-size: large;\">Es ist wahrscheinlich ein genetisch bedingter Mangel an Botenstoffen der Grund.<\/span><\/span><\/p><p align=\"left\"><span style=\"font-family: Roboto, sans-serif; color: #003366;\"><span style=\"font-size: large;\">So k\u00f6nnen Informationen nur eingeschr\u00e4nkt im Gehirn \u00fcbertragen werden und diese Kinder k\u00f6nnen Gesehenes und Geh\u00f6rtes nur sehr schwer weiterverarbeiten.<\/span><\/span><\/p><p align=\"left\"><span style=\"font-family: Roboto, sans-serif; color: #003366;\"><span style=\"font-size: large;\">Es gibt viele psychosoziale Einfl\u00fcsse (\u00e4u\u00dfere Faktoren in der Entwicklungsgeschichte eines Kindes),die das St\u00f6rungsbild verst\u00e4rken.<\/span><\/span><\/p><p align=\"left\"><span style=\"color: #003366;\">\u00a0<\/span><\/p><p align=\"left\"><span style=\"color: #003366;\"><span style=\"font-family: Roboto, sans-serif;\"><span style=\"font-size: large;\">Multimodale Therapie,<\/span><\/span><\/span><span style=\"font-family: Roboto, sans-serif; color: #003366;\"><span style=\"font-size: medium;\"><span style=\"font-size: large;\">Verst\u00e4ndnis und Wohlwollen von Seiten der Eltern, der Lehrkr\u00e4fte, der Erzieher(innen), Ausbildungsbetrieben und allen anderen Bezugspersonen sind die wichtigsten Faktoren f\u00fcr einen Behandlungserfolg.<\/span><\/span><\/span><\/p><p align=\"left\"><span style=\"color: #003366;\">\u00a0<\/span><span style=\"color: #003366;\"><span style=\"font-family: Roboto, sans-serif;\"><span style=\"font-size: large;\">Multifaktorelle Enstehung =\u00a0 multifaktoreller Therapieansatz<\/span><\/span><\/span><\/p><p align=\"left\"><span style=\"font-family: Roboto, sans-serif; color: #003366;\"><span style=\"font-size: large;\">&#8211; Aufkl\u00e4rung und Beratung von Kindern, Jugendlichen, Eltern, Erziehern, Lehrern, Ausbildungsbetrieben<\/span><\/span><\/p><p align=\"left\"><span style=\"font-family: Roboto, sans-serif; color: #003366;\"><span style=\"font-size: large;\">&#8211; kindzentrierte Psychotherapie<\/span><\/span><\/p><p align=\"left\"><span style=\"font-family: Roboto, sans-serif; color: #003366;\"><span style=\"font-size: large;\">&#8211; Familientherapie<\/span><\/span><\/p><p align=\"left\"><span style=\"font-family: Roboto, sans-serif; color: #003366;\"><span style=\"font-size: large;\">&#8211; Ergotherapie<\/span><\/span><\/p><p align=\"left\"><span style=\"font-family: Roboto, sans-serif; color: #003366;\"><span style=\"font-size: large;\">&#8211; Lerntherapie<\/span><\/span><\/p><p align=\"left\"><span style=\"font-family: Roboto, sans-serif; color: #003366;\"><span style=\"font-size: large;\">&#8211; Logop\u00e4die<\/span><\/span><\/p><p align=\"left\"><span style=\"font-family: Roboto, sans-serif; color: #003366;\"><span style=\"font-size: large;\">&#8211; Sport<\/span><\/span><\/p><p align=\"left\"><span style=\"font-family: Roboto, sans-serif; color: #003366;\"><span style=\"font-size: large;\">&#8211; eventuell therapiebegleitende Medikation<\/span><\/span><\/p><p align=\"left\"><span style=\"color: #003366;\">\u00a0<\/span><\/p>\t\t\t\t\t\t\t\t<\/div>\n\t\t\t\t<\/div>\n\t\t\t\t\t<\/div>\n\t\t<\/div>\n\t\t\t\t\t<\/div>\n\t\t<\/section>\n\t\t\t\t<\/div>\n\t\t","protected":false},"excerpt":{"rendered":"<p>Was ist AD(H)S? Anders\u00a0Denken\u00a0H\u00f6ren Sehen \u00a0ADS bedeutet Aufmerksamkeits-Defizit-Syndrom ohne Hyperaktivit\u00e4t. ADHS bedeutet Aufmerksamkeits-Defizit-Syndrom mit Hyperaktivit\u00e4t. Sie ist die zur Zeit am h\u00e4ufigsten diagnostizierte psychiatrische St\u00f6rung im Kinder- und Jugendalter.\u00a0 Die\u00a0Kernsymptome\u00a0sind &#8211; Impulsivit\u00e4t &#8211; Unaufmerksamkeit &#8211; Hyperaktivit\u00e4t Kernmerkmale der Unaufmerksamkeit \u00a0&#8211; Details werden \u00fcbersehen, macht viele\u00a0Fl\u00fcchtigkeitsfehler &#8211; Probleme mit der Daueraufmerksamkeit &#8211; H\u00f6rt h\u00e4ufig nicht zu [&hellip;]<\/p>\n","protected":false},"author":1,"featured_media":0,"parent":0,"menu_order":0,"comment_status":"closed","ping_status":"closed","template":"","meta":{"footnotes":""},"class_list":["post-897","page","type-page","status-publish","hentry","entry"],"_links":{"self":[{"href":"https:\/\/elternberatung-vlotho.de\/index.php?rest_route=\/wp\/v2\/pages\/897","targetHints":{"allow":["GET"]}}],"collection":[{"href":"https:\/\/elternberatung-vlotho.de\/index.php?rest_route=\/wp\/v2\/pages"}],"about":[{"href":"https:\/\/elternberatung-vlotho.de\/index.php?rest_route=\/wp\/v2\/types\/page"}],"author":[{"embeddable":true,"href":"https:\/\/elternberatung-vlotho.de\/index.php?rest_route=\/wp\/v2\/users\/1"}],"replies":[{"embeddable":true,"href":"https:\/\/elternberatung-vlotho.de\/index.php?rest_route=%2Fwp%2Fv2%2Fcomments&post=897"}],"version-history":[{"count":16,"href":"https:\/\/elternberatung-vlotho.de\/index.php?rest_route=\/wp\/v2\/pages\/897\/revisions"}],"predecessor-version":[{"id":1801,"href":"https:\/\/elternberatung-vlotho.de\/index.php?rest_route=\/wp\/v2\/pages\/897\/revisions\/1801"}],"wp:attachment":[{"href":"https:\/\/elternberatung-vlotho.de\/index.php?rest_route=%2Fwp%2Fv2%2Fmedia&parent=897"}],"curies":[{"name":"wp","href":"https:\/\/api.w.org\/{rel}","templated":true}]}}