{"id":949,"date":"2023-02-10T16:21:27","date_gmt":"2023-02-10T16:21:27","guid":{"rendered":"https:\/\/elternberatung-vlotho.de\/?page_id=949"},"modified":"2023-02-24T18:50:25","modified_gmt":"2023-02-24T18:50:25","slug":"adhs-coaching","status":"publish","type":"page","link":"https:\/\/elternberatung-vlotho.de\/?page_id=949","title":{"rendered":"AD(H)S Coaching"},"content":{"rendered":"\t\t<div data-elementor-type=\"wp-page\" data-elementor-id=\"949\" class=\"elementor elementor-949\" data-elementor-post-type=\"page\">\n\t\t\t\t\t\t<section class=\"elementor-section elementor-top-section elementor-element elementor-element-0dacb7f elementor-section-boxed elementor-section-height-default elementor-section-height-default\" data-id=\"0dacb7f\" data-element_type=\"section\" data-e-type=\"section\">\n\t\t\t\t\t\t<div class=\"elementor-container elementor-column-gap-default\">\n\t\t\t\t\t<div class=\"elementor-column elementor-col-100 elementor-top-column elementor-element elementor-element-dd87913\" data-id=\"dd87913\" data-element_type=\"column\" data-e-type=\"column\">\n\t\t\t<div class=\"elementor-widget-wrap elementor-element-populated\">\n\t\t\t\t\t\t<div class=\"elementor-element elementor-element-172f63b elementor-widget-divider--view-line elementor-widget elementor-widget-divider\" data-id=\"172f63b\" data-element_type=\"widget\" data-e-type=\"widget\" data-widget_type=\"divider.default\">\n\t\t\t\t<div class=\"elementor-widget-container\">\n\t\t\t\t\t\t\t<div class=\"elementor-divider\">\n\t\t\t<span class=\"elementor-divider-separator\">\n\t\t\t\t\t\t<\/span>\n\t\t<\/div>\n\t\t\t\t\t\t<\/div>\n\t\t\t\t<\/div>\n\t\t\t\t\t<\/div>\n\t\t<\/div>\n\t\t\t\t\t<\/div>\n\t\t<\/section>\n\t\t\t\t<section class=\"elementor-section elementor-top-section elementor-element elementor-element-1c2b092 elementor-section-boxed elementor-section-height-default elementor-section-height-default\" data-id=\"1c2b092\" data-element_type=\"section\" data-e-type=\"section\">\n\t\t\t\t\t\t<div class=\"elementor-container elementor-column-gap-default\">\n\t\t\t\t\t<div class=\"elementor-column elementor-col-100 elementor-top-column elementor-element elementor-element-3aa8778\" data-id=\"3aa8778\" data-element_type=\"column\" data-e-type=\"column\">\n\t\t\t<div class=\"elementor-widget-wrap elementor-element-populated\">\n\t\t\t\t\t\t<div class=\"elementor-element elementor-element-866bbf0 elementor-widget elementor-widget-spacer\" data-id=\"866bbf0\" data-element_type=\"widget\" data-e-type=\"widget\" data-widget_type=\"spacer.default\">\n\t\t\t\t<div class=\"elementor-widget-container\">\n\t\t\t\t\t\t\t<div class=\"elementor-spacer\">\n\t\t\t<div class=\"elementor-spacer-inner\"><\/div>\n\t\t<\/div>\n\t\t\t\t\t\t<\/div>\n\t\t\t\t<\/div>\n\t\t\t\t<div class=\"elementor-element elementor-element-0930089 elementor-headline--style-highlight elementor-widget elementor-widget-animated-headline\" data-id=\"0930089\" data-element_type=\"widget\" data-e-type=\"widget\" data-settings=\"{&quot;highlighted_text&quot;:&quot;AD(H)S-Coaching&quot;,&quot;marker&quot;:&quot;underline_zigzag&quot;,&quot;headline_style&quot;:&quot;highlight&quot;,&quot;loop&quot;:&quot;yes&quot;,&quot;highlight_animation_duration&quot;:1200,&quot;highlight_iteration_delay&quot;:8000}\" data-widget_type=\"animated-headline.default\">\n\t\t\t\t<div class=\"elementor-widget-container\">\n\t\t\t\t\t\t\t<h3 class=\"elementor-headline\">\n\t\t\t\t<span class=\"elementor-headline-dynamic-wrapper elementor-headline-text-wrapper\">\n\t\t\t\t\t<span class=\"elementor-headline-dynamic-text elementor-headline-text-active\">AD(H)S-Coaching<\/span>\n\t\t\t\t<\/span>\n\t\t\t\t<\/h3>\n\t\t\t\t\t\t<\/div>\n\t\t\t\t<\/div>\n\t\t\t\t\t<\/div>\n\t\t<\/div>\n\t\t\t\t\t<\/div>\n\t\t<\/section>\n\t\t\t\t<section class=\"elementor-section elementor-top-section elementor-element elementor-element-3415774 elementor-section-boxed elementor-section-height-default elementor-section-height-default\" data-id=\"3415774\" data-element_type=\"section\" data-e-type=\"section\">\n\t\t\t\t\t\t<div class=\"elementor-container elementor-column-gap-default\">\n\t\t\t\t\t<div class=\"elementor-column elementor-col-100 elementor-top-column elementor-element elementor-element-b42a483\" data-id=\"b42a483\" data-element_type=\"column\" data-e-type=\"column\">\n\t\t\t<div class=\"elementor-widget-wrap elementor-element-populated\">\n\t\t\t\t\t\t<div class=\"elementor-element elementor-element-cc85337 elementor-widget elementor-widget-text-editor\" data-id=\"cc85337\" data-element_type=\"widget\" data-e-type=\"widget\" data-widget_type=\"text-editor.default\">\n\t\t\t\t<div class=\"elementor-widget-container\">\n\t\t\t\t\t\t\t\t\t<div class=\"n module-type-header module-alias-sectionTitle \"><h2><span style=\"font-size: 21px; color: #003366;\">f\u00fcr Eltern, Erzieher(innen), Lehrer(innen), Ausbildungsbetriebe und alle, die es interessiert<\/span><\/h2><\/div><div class=\"n module-type-text module-alias-sectionDescription \"><h2><span style=\"color: #003366;\">ADHS-ler sind offen f\u00fcr\u00a0<strong>ALLE<\/strong>\u00a0Reize und deshalb Abwertungen, Vorw\u00fcrfen und negativen Erlebnissen schutzloser ausgeliefert. Sie haben ganz andere Voraussetzungen.<\/span><\/h2><h2><span style=\"color: #003366;\">Ihre Probleme l\u00f6sen sich nicht von alleine und wachsen sich auch nicht aus !<\/span><\/h2><h2><span style=\"color: #003366;\">Es liegt an uns Erwachsenen (Eltern, Gro\u00dfeltern, Familie, Freunden, Lehrern, Erziehern, Ausbildungsbetrieben), Verantwortung zu \u00fcbernehmen und auch diesen Kindern eine faire Chance zu geben.<\/span><\/h2><h2><span style=\"color: #003366;\">Wir m\u00fcssen ihnen helfen, ihr Potenzial umzusetzen, ein gutes Selbstwertgef\u00fchl aufzubauen und ihren eigenen Weg gehen zu d\u00fcrfen !<\/span><\/h2><h2><span style=\"text-decoration: underline;\"><span style=\"color: #003366; text-decoration: underline;\">Denn\u00a0:<\/span><\/span><\/h2><h2><span style=\"color: #003366;\">Impulsivit\u00e4t schmerzt nicht, aber das Gemieden werden !<\/span><\/h2><h2><span style=\"color: #003366;\">Die Aufmerksamkeitsst\u00f6rung tut nicht weh, sondern das Gel\u00e4chter der anderen, <\/span><span style=\"color: #003366;\">wenn ein Tr\u00e4umer in der Schule aufgerufen wird !<\/span><\/h2><h2><span style=\"color: #003366;\">Der Dopamin-Stoffwechsel verursacht keine Schmerzen, sondern die Reaktionen anderer Menschen !<\/span><\/h2><h2>\u00a0<\/h2><h2><span style=\"text-decoration: underline;\"><span style=\"color: #003366; text-decoration: underline;\">Das Coaching richtet sich an alle, die Interesse an den Themen haben :<\/span><\/span><\/h2><h2><span style=\"color: #003366;\">&#8211; Was ist ADHS ?<\/span><\/h2><h2><span style=\"color: #003366;\">&#8211; Was geht in einem Kind vor, wenn es zum 100. Mal vorgehalten bekommt, dass<\/span><\/h2><h2><span style=\"color: #003366;\">\u00a0\u00a0\u00a0\u00a0\u00a0\u00a0\u00a0 &#8211; es zu langsam ist ?<\/span><\/h2><h2><span style=\"color: #003366;\">\u00a0\u00a0\u00a0\u00a0\u00a0\u00a0\u00a0 &#8211; es das Gelernte nicht vergessen soll ?<\/span><\/h2><h2><span style=\"color: #003366;\">\u00a0\u00a0\u00a0\u00a0\u00a0\u00a0\u00a0 &#8211; es heute wirklich einmal aufpassen soll ?<\/span><\/h2><h2><span style=\"color: #003366;\">\u00a0\u00a0\u00a0\u00a0\u00a0\u00a0\u00a0 &#8211; die Eltern entt\u00e4uscht sind, dass es Mathe\u00a0immer\u00a0noch\u00a0nicht begriffen hat ?<\/span><\/h2><h2><span style=\"color: #003366;\">\u00a0\u00a0\u00a0\u00a0\u00a0\u00a0\u00a0 &#8211; erwartet wird,nicht st\u00e4ndig herumzuzappeln\u00a0und sich\u00a0zu\u00a0beherrschen ?<\/span><\/h2><h2><span style=\"color: #003366;\">\u00a0\u00a0\u00a0\u00a0\u00a0\u00a0\u00a0 &#8211; es bei Oma und Opa oder anderen\u00a0Familienmitgliedern\u00a0lieb sein soll ?<\/span><\/h2><h2><span style=\"color: #003366;\">&#8211; Brauchen besondere Kinder eine besondere\u00a0\u00a0Erziehung ?<\/span><\/h2><h2><span style=\"color: #003366;\">&#8211; Stressmanagement<\/span><\/h2><\/div>\t\t\t\t\t\t\t\t<\/div>\n\t\t\t\t<\/div>\n\t\t\t\t\t<\/div>\n\t\t<\/div>\n\t\t\t\t\t<\/div>\n\t\t<\/section>\n\t\t\t\t<\/div>\n\t\t","protected":false},"excerpt":{"rendered":"<p>AD(H)S-Coaching f\u00fcr Eltern, Erzieher(innen), Lehrer(innen), Ausbildungsbetriebe und alle, die es interessiert ADHS-ler sind offen f\u00fcr\u00a0ALLE\u00a0Reize und deshalb Abwertungen, Vorw\u00fcrfen und negativen Erlebnissen schutzloser ausgeliefert. Sie haben ganz andere Voraussetzungen. Ihre Probleme l\u00f6sen sich nicht von alleine und wachsen sich auch nicht aus ! Es liegt an uns Erwachsenen (Eltern, Gro\u00dfeltern, Familie, Freunden, Lehrern, Erziehern, Ausbildungsbetrieben), [&hellip;]<\/p>\n","protected":false},"author":1,"featured_media":0,"parent":0,"menu_order":0,"comment_status":"closed","ping_status":"closed","template":"","meta":{"footnotes":""},"class_list":["post-949","page","type-page","status-publish","hentry","entry"],"_links":{"self":[{"href":"https:\/\/elternberatung-vlotho.de\/index.php?rest_route=\/wp\/v2\/pages\/949","targetHints":{"allow":["GET"]}}],"collection":[{"href":"https:\/\/elternberatung-vlotho.de\/index.php?rest_route=\/wp\/v2\/pages"}],"about":[{"href":"https:\/\/elternberatung-vlotho.de\/index.php?rest_route=\/wp\/v2\/types\/page"}],"author":[{"embeddable":true,"href":"https:\/\/elternberatung-vlotho.de\/index.php?rest_route=\/wp\/v2\/users\/1"}],"replies":[{"embeddable":true,"href":"https:\/\/elternberatung-vlotho.de\/index.php?rest_route=%2Fwp%2Fv2%2Fcomments&post=949"}],"version-history":[{"count":16,"href":"https:\/\/elternberatung-vlotho.de\/index.php?rest_route=\/wp\/v2\/pages\/949\/revisions"}],"predecessor-version":[{"id":1484,"href":"https:\/\/elternberatung-vlotho.de\/index.php?rest_route=\/wp\/v2\/pages\/949\/revisions\/1484"}],"wp:attachment":[{"href":"https:\/\/elternberatung-vlotho.de\/index.php?rest_route=%2Fwp%2Fv2%2Fmedia&parent=949"}],"curies":[{"name":"wp","href":"https:\/\/api.w.org\/{rel}","templated":true}]}}